{"id":791,"date":"2020-12-22T09:01:58","date_gmt":"2020-12-22T09:01:58","guid":{"rendered":"https:\/\/www3.ameba.ch\/?page_id=791"},"modified":"2021-10-13T13:55:55","modified_gmt":"2021-10-13T13:55:55","slug":"industrien","status":"publish","type":"page","link":"https:\/\/www.axentum.de\/index.php\/industrien\/","title":{"rendered":"Industrien"},"content":{"rendered":"<section class=\"kc-elm kc-css-116188 kc_row\"><div class=\"kc-row-container  kc-container\"><div class=\"kc-wrap-columns\"><div class=\"kc-elm kc-css-516342 kc_col-sm-4 kc_column kc_col-sm-4\"><div class=\"kc-col-container\"><div class=\"kc-elm kc-css-723376\" style=\"height: 20px; clear: both; width:100%;\"><\/div><div class=\"kc-elm kc-css-349650 kc_accordion_wrapper\">\n<div class=\"kc-elm kc-css-604050 kc_accordion_section group \"><h3 class=\"kc_accordion_header ui-accordion-header\"><span class=\"ui-accordion-header-icon ui-icon\"><\/span><a href=\"#elektroindustrie-und-elektronik\" data-prevent=\"scroll\"><i class=\"\"><\/i> Elektroindustrie und Elektronik<\/a><\/h3><div class=\"kc_accordion_content ui-accordion-content kc_clearfix\"><div class=\"kc-panel-body\"><div class=\"kc-elm kc-css-169070 kc_text_block\"><\/p>\n<p>\u00dcbersicht Elektroindustrie &#038; Elektronik<\/p>\n<p>\n<\/div><div class=\"kc-elm kc-css-244837 kc_text_block\"><\/p>\n<p>Elektroisolerstoffindustrie<\/p>\n<p>\n<\/div><div class=\"kc-elm kc-css-690171 kc_text_block\"><\/p>\n<p>Silane f\u00fcr die Halbleiterindustrie<\/p>\n<p>\n<\/div><div class=\"kc-elm kc-css-892529 kc_text_block\"><\/p>\n<p>Elektroisolierstoffindustrie<\/p>\n<p>\n<\/div><\/div><\/div><\/div><div class=\"kc-elm kc-css-838574 kc_accordion_section group \"><h3 class=\"kc_accordion_header ui-accordion-header\"><span class=\"ui-accordion-header-icon ui-icon\"><\/span><a href=\"#formenbau\" data-prevent=\"scroll\"><i class=\"\"><\/i> Formenbau<\/a><\/h3><div class=\"kc_accordion_content ui-accordion-content kc_clearfix\"><div class=\"kc-panel-body\"><div class=\"kc-elm kc-css-924266 kc_text_block\"><\/p>\n<p>\u00dcbersicht \u00fcber Formenbau<\/p>\n<p>\n<\/div><div class=\"kc-elm kc-css-551188 kc_text_block\"><\/p>\n<p>Composite molding<\/p>\n<p>\n<\/div><div class=\"kc-elm kc-css-811572 kc_text_block\"><\/p>\n<p>Formenbau f\u00fcr die Fahrzeugindustrie<\/p>\n<p>\n<\/div><div class=\"kc-elm kc-css-454719 kc_text_block\"><\/p>\n<p>Beton- und Kunststeinabformung<\/p>\n<p>\n<\/div><div class=\"kc-elm kc-css-456517 kc_text_block\"><\/p>\n<p><a href=\"https:\/\/www3.ameba.ch\/index.php\/featured\/formenbau-prototypenbau\"><strong>-&gt; <\/strong>Formen- und Prototypenbau<\/a><\/p>\n<p>\n<\/div><div class=\"kc-elm kc-css-174153 kc_text_block\"><\/p>\n<p>Reproduktionsformen<\/p>\n<p>\n<\/div><\/div><\/div><\/div><div class=\"kc-elm kc-css-224279 kc_accordion_section group \"><h3 class=\"kc_accordion_header ui-accordion-header\"><span class=\"ui-accordion-header-icon ui-icon\"><\/span><a href=\"#transportindustrie\" data-prevent=\"scroll\"><i class=\"\"><\/i> Transportindustrie<\/a><\/h3><div class=\"kc_accordion_content ui-accordion-content kc_clearfix\"><div class=\"kc-panel-body\"><div class=\"kc-elm kc-css-376455 kc_text_block\"><\/p>\n<p>\u00dcbersicht Transportindustrie<\/p>\n<p>\n<\/div><div class=\"kc-elm kc-css-616757 kc_text_block\"><\/p>\n<p>Dichtungen und Membrane<\/p>\n<p>\n<\/div><div class=\"kc-elm kc-css-193184 kc_text_block\"><\/p>\n<p>Formenbau<\/p>\n<p>\n<\/div><div class=\"kc-elm kc-css-180012 kc_text_block\"><\/p>\n<p>D\u00e4mpfen<\/p>\n<p>\n<\/div><div class=\"kc-elm kc-css-31493 kc_text_block\"><\/p>\n<p>Elektronische Steuerger\u00e4te (ECU) und Leistungsumwandler (PCU)<\/p>\n<p>\n<\/div><div class=\"kc-elm kc-css-813973 kc_text_block\"><\/p>\n<p>Lack- und Kunststoffpflege<\/p>\n<p>\n<\/div><\/div><\/div><\/div><div class=\"kc-elm kc-css-762143 kc_accordion_section group \"><h3 class=\"kc_accordion_header ui-accordion-header\"><span class=\"ui-accordion-header-icon ui-icon\"><\/span><a href=\"#medizintechnik\" data-prevent=\"scroll\"><i class=\"\"><\/i> Medizintechnik<\/a><\/h3><div class=\"kc_accordion_content ui-accordion-content kc_clearfix\"><div class=\"kc-panel-body\"><div class=\"kc-elm kc-css-336834 kc_text_block\"><\/p>\n<p>\u00dcbersicht Medizintechnik<\/p>\n<p>\n<\/div><div class=\"kc-elm kc-css-231938 kc_text_block\"><\/p>\n<p>Medizinische Silicon-Haftklebstoffe<\/p>\n<p>\n<\/div><div class=\"kc-elm kc-css-37893 kc_text_block\"><\/p>\n<p>Orthop\u00e4die und Prothetik<\/p>\n<p>\n<\/div><\/div><\/div><\/div><\/div>\n<\/div><\/div><div class=\"kc-elm kc-css-965083 kc_col-sm-4 kc_column kc_col-sm-4\"><div class=\"kc-col-container\"><div class=\"kc-elm kc-css-75575\" style=\"height: 20px; clear: both; width:100%;\"><\/div><div class=\"kc-elm kc-css-266962 kc_accordion_wrapper\">\n<div class=\"kc-elm kc-css-724450 kc_accordion_section group \"><h3 class=\"kc_accordion_header ui-accordion-header\"><span class=\"ui-accordion-header-icon ui-icon\"><\/span><a href=\"#hochspannungstechnik\" data-prevent=\"scroll\"><i class=\"\"><\/i> Hochspannungstechnik<\/a><\/h3><div class=\"kc_accordion_content ui-accordion-content kc_clearfix\"><div class=\"kc-panel-body\"><div class=\"kc-elm kc-css-97554 kc_text_block\"><\/p>\n<p>\u00dcbersicht Hochspannungstechnik<\/p>\n<p>\n<\/div><div class=\"kc-elm kc-css-637621 kc_text_block\"><\/p>\n<p>Kabel und Leitungen<\/p>\n<p>\n<\/div><div class=\"kc-elm kc-css-968848 kc_text_block\"><\/p>\n<p>Schutzschl\u00e4uche<\/p>\n<p>\n<\/div><\/div><\/div><\/div><div class=\"kc-elm kc-css-215284 kc_accordion_section group \"><h3 class=\"kc_accordion_header ui-accordion-header\"><span class=\"ui-accordion-header-icon ui-icon\"><\/span><a href=\"#e-mobility\" data-prevent=\"scroll\"><i class=\"\"><\/i> E-Mobility<\/a><\/h3><div class=\"kc_accordion_content ui-accordion-content kc_clearfix\"><div class=\"kc-panel-body\">Empty section. Edit page to add content here.<\/div><\/div><\/div><div class=\"kc-elm kc-css-372023 kc_accordion_section group \"><h3 class=\"kc_accordion_header ui-accordion-header\"><span class=\"ui-accordion-header-icon ui-icon\"><\/span><a href=\"#textilindustrie\" data-prevent=\"scroll\"><i class=\"\"><\/i> Textilindustrie<\/a><\/h3><div class=\"kc_accordion_content ui-accordion-content kc_clearfix\"><div class=\"kc-panel-body\"><div class=\"kc-elm kc-css-695867 kc_text_block\"><\/p>\n<p>\u00dcbersicht Textilindustrie<\/p>\n<p>\n<\/div><div class=\"kc-elm kc-css-120424 kc_text_block\"><\/p>\n<p>Technische Textilien<\/p>\n<p>\n<\/div><div class=\"kc-elm kc-css-196885 kc_text_block\"><\/p>\n<p>Textilveredelung<\/p>\n<p>\n<\/div><\/div><\/div><\/div><div class=\"kc-elm kc-css-472781 kc_accordion_section group \"><h3 class=\"kc_accordion_header ui-accordion-header\"><span class=\"ui-accordion-header-icon ui-icon\"><\/span><a href=\"#erneuerbare-energien\" data-prevent=\"scroll\"><i class=\"\"><\/i> Erneuerbare Energien<\/a><\/h3><div class=\"kc_accordion_content ui-accordion-content kc_clearfix\"><div class=\"kc-panel-body\"><div class=\"kc-elm kc-css-616073 kc_text_block\"><\/p>\n<p>\u00dcbersicht Erneuerbare Energien<\/p>\n<p>\n<\/div><div class=\"kc-elm kc-css-975873 kc_text_block\"><\/p>\n<p>Solarenergie<\/p>\n<p>\n<\/div><div class=\"kc-elm kc-css-539929 kc_text_block\"><\/p>\n<p>Wasserkraft<\/p>\n<p>\n<\/div><div class=\"kc-elm kc-css-620409 kc_text_block\"><\/p>\n<p>Windkraft<\/p>\n<p>\n<\/div><\/div><\/div><\/div><\/div>\n<\/div><\/div><div class=\"kc-elm kc-css-977027 kc_col-sm-4 kc_column kc_col-sm-4\"><div class=\"kc-col-container\"><div class=\"kc-elm kc-css-538599\" style=\"height: 20px; clear: both; width:100%;\"><\/div><div class=\"kc-elm kc-css-589927 kc_accordion_wrapper\">\n<div class=\"kc-elm kc-css-256672 kc_accordion_section group \"><h3 class=\"kc_accordion_header ui-accordion-header\"><span class=\"ui-accordion-header-icon ui-icon\"><\/span><a href=\"#marine\" data-prevent=\"scroll\"><i class=\"\"><\/i> Marine<\/a><\/h3><div class=\"kc_accordion_content ui-accordion-content kc_clearfix\"><div class=\"kc-panel-body\"><div class=\"kc-elm kc-css-696388 kc_text_block\"><\/p>\n<p>LORD Klebstoff Platzhalter<\/p>\n<p>\n<\/div><\/div><\/div><\/div><div class=\"kc-elm kc-css-380746 kc_accordion_section group \"><h3 class=\"kc_accordion_header ui-accordion-header\"><span class=\"ui-accordion-header-icon ui-icon\"><\/span><a href=\"#reinigung\" data-prevent=\"scroll\"><i class=\"\"><\/i> Reinigung<\/a><\/h3><div class=\"kc_accordion_content ui-accordion-content kc_clearfix\"><div class=\"kc-panel-body\"><div class=\"kc-elm kc-css-151723 kc_text_block\"><\/p>\n<p>\u00dcbersicht Reinigung<\/p>\n<p>\n<\/div><div class=\"kc-elm kc-css-905073 kc_text_block\"><\/p>\n<p>Antischaummittel f\u00fcr Haushalts- und Reinigungsmittel<\/p>\n<p>\n<\/div><div class=\"kc-elm kc-css-823271 kc_text_block\"><\/p>\n<p>Oberfl\u00e4chenpflege<\/p>\n<p>\n<\/div><div class=\"kc-elm kc-css-50254 kc_text_block\"><\/p>\n<p>Protect und Care<\/p>\n<p>\n<\/div><\/div><\/div><\/div><div class=\"kc-elm kc-css-459544 kc_accordion_section group \"><h3 class=\"kc_accordion_header ui-accordion-header\"><span class=\"ui-accordion-header-icon ui-icon\"><\/span><a href=\"#lebensmitteltechnologie\" data-prevent=\"scroll\"><i class=\"\"><\/i> Lebensmitteltechnologie<\/a><\/h3><div class=\"kc_accordion_content ui-accordion-content kc_clearfix\"><div class=\"kc-panel-body\"><div class=\"kc-elm kc-css-195731 kc_text_block\"><\/p>\n<p>\u00dcbersicht Lebensmitteltechnologie<\/p>\n<p>\n<\/div><div class=\"kc-elm kc-css-737660 kc_text_block\"><\/p>\n<p>Antischaum und Fliessmittel (Lebensmittel)<\/p>\n<p>\n<\/div><\/div><\/div><\/div><div class=\"kc-elm kc-css-999175 kc_accordion_section group \"><h3 class=\"kc_accordion_header ui-accordion-header\"><span class=\"ui-accordion-header-icon ui-icon\"><\/span><a href=\"#nachhaltigkeit\" data-prevent=\"scroll\"><i class=\"\"><\/i> Nachhaltigkeit<\/a><\/h3><div class=\"kc_accordion_content ui-accordion-content kc_clearfix\"><div class=\"kc-panel-body\"><div class=\"kc-elm kc-css-618592 kc_text_block\"><\/p>\n<p>Die &#8220;eco\"-Linie von WACKER<\/p>\n<p>\n<\/div><\/div><\/div><\/div><\/div>\n<\/div><\/div><\/div><\/div><\/section>\n","protected":false},"excerpt":{"rendered":"","protected":false},"author":1,"featured_media":0,"parent":0,"menu_order":0,"comment_status":"closed","ping_status":"closed","template":"","meta":{"footnotes":""},"class_list":["post-791","page","type-page","status-publish","hentry"],"yoast_head":"<!-- This site is optimized with the Yoast SEO plugin v27.2 - https:\/\/yoast.com\/product\/yoast-seo-wordpress\/ -->\n<title>Industrien - Axentum GmbH<\/title>\n<meta name=\"robots\" content=\"index, follow, max-snippet:-1, max-image-preview:large, max-video-preview:-1\" \/>\n<link rel=\"canonical\" href=\"https:\/\/www.axentum.de\/index.php\/industrien\/\" \/>\n<meta property=\"og:locale\" content=\"de_DE\" \/>\n<meta property=\"og:type\" content=\"article\" \/>\n<meta property=\"og:title\" content=\"Industrien - Axentum GmbH\" \/>\n<meta property=\"og:description\" content=\"Elektroindustrie und Elektronik \u00dcbersicht Elektroindustrie &#038; Elektronik Elektroisolerstoffindustrie Silane f\u00fcr die Halbleiterindustrie Elektroisolierstoffindustrie Formenbau \u00dcbersicht \u00fcber Formenbau Composite molding Formenbau f\u00fcr die Fahrzeugindustrie Beton- und Kunststeinabformung -&gt; Formen- und Prototypenbau Reproduktionsformen Transportindustrie \u00dcbersicht Transportindustrie Dichtungen und Membrane Formenbau D\u00e4mpfen Elektronische Steuerger\u00e4te (ECU) und Leistungsumwandler (PCU) Lack- und Kunststoffpflege Medizintechnik \u00dcbersicht Medizintechnik Medizinische Silicon-Haftklebstoffe Orthop\u00e4die und [&hellip;]\" \/>\n<meta property=\"og:url\" content=\"https:\/\/www.axentum.de\/index.php\/industrien\/\" \/>\n<meta property=\"og:site_name\" content=\"Axentum GmbH\" \/>\n<meta property=\"article:modified_time\" content=\"2021-10-13T13:55:55+00:00\" \/>\n<meta name=\"twitter:card\" content=\"summary_large_image\" \/>\n<meta name=\"twitter:label1\" content=\"Gesch\u00e4tzte Lesezeit\" \/>\n\t<meta name=\"twitter:data1\" content=\"1\u00a0Minute\" \/>\n<script type=\"application\/ld+json\" class=\"yoast-schema-graph\">{\"@context\":\"https:\/\/schema.org\",\"@graph\":[{\"@type\":\"WebPage\",\"@id\":\"https:\/\/www.axentum.de\/index.php\/industrien\/\",\"url\":\"https:\/\/www.axentum.de\/index.php\/industrien\/\",\"name\":\"Industrien - Axentum GmbH\",\"isPartOf\":{\"@id\":\"https:\/\/www.axentum.de\/#website\"},\"datePublished\":\"2020-12-22T09:01:58+00:00\",\"dateModified\":\"2021-10-13T13:55:55+00:00\",\"breadcrumb\":{\"@id\":\"https:\/\/www.axentum.de\/index.php\/industrien\/#breadcrumb\"},\"inLanguage\":\"de\",\"potentialAction\":[{\"@type\":\"ReadAction\",\"target\":[\"https:\/\/www.axentum.de\/index.php\/industrien\/\"]}]},{\"@type\":\"BreadcrumbList\",\"@id\":\"https:\/\/www.axentum.de\/index.php\/industrien\/#breadcrumb\",\"itemListElement\":[{\"@type\":\"ListItem\",\"position\":1,\"name\":\"Home\",\"item\":\"https:\/\/www.axentum.de\/\"},{\"@type\":\"ListItem\",\"position\":2,\"name\":\"Industrien\"}]},{\"@type\":\"WebSite\",\"@id\":\"https:\/\/www.axentum.de\/#website\",\"url\":\"https:\/\/www.axentum.de\/\",\"name\":\"Axentum GmbH\",\"description\":\"\",\"publisher\":{\"@id\":\"https:\/\/www.axentum.de\/#organization\"},\"potentialAction\":[{\"@type\":\"SearchAction\",\"target\":{\"@type\":\"EntryPoint\",\"urlTemplate\":\"https:\/\/www.axentum.de\/?s={search_term_string}\"},\"query-input\":{\"@type\":\"PropertyValueSpecification\",\"valueRequired\":true,\"valueName\":\"search_term_string\"}}],\"inLanguage\":\"de\"},{\"@type\":\"Organization\",\"@id\":\"https:\/\/www.axentum.de\/#organization\",\"name\":\"Axentum GmbH\",\"url\":\"https:\/\/www.axentum.de\/\",\"logo\":{\"@type\":\"ImageObject\",\"inLanguage\":\"de\",\"@id\":\"https:\/\/www.axentum.de\/#\/schema\/logo\/image\/\",\"url\":\"https:\/\/www.axentum.de\/wp-content\/uploads\/2017\/09\/axentum-2.png\",\"contentUrl\":\"https:\/\/www.axentum.de\/wp-content\/uploads\/2017\/09\/axentum-2.png\",\"width\":1216,\"height\":457,\"caption\":\"Axentum GmbH\"},\"image\":{\"@id\":\"https:\/\/www.axentum.de\/#\/schema\/logo\/image\/\"}}]}<\/script>\n<!-- \/ Yoast SEO plugin. -->","yoast_head_json":{"title":"Industrien - Axentum GmbH","robots":{"index":"index","follow":"follow","max-snippet":"max-snippet:-1","max-image-preview":"max-image-preview:large","max-video-preview":"max-video-preview:-1"},"canonical":"https:\/\/www.axentum.de\/index.php\/industrien\/","og_locale":"de_DE","og_type":"article","og_title":"Industrien - Axentum GmbH","og_description":"Elektroindustrie und Elektronik \u00dcbersicht Elektroindustrie &#038; Elektronik Elektroisolerstoffindustrie Silane f\u00fcr die Halbleiterindustrie Elektroisolierstoffindustrie Formenbau \u00dcbersicht \u00fcber Formenbau Composite molding Formenbau f\u00fcr die Fahrzeugindustrie Beton- und Kunststeinabformung -&gt; Formen- und Prototypenbau Reproduktionsformen Transportindustrie \u00dcbersicht Transportindustrie Dichtungen und Membrane Formenbau D\u00e4mpfen Elektronische Steuerger\u00e4te (ECU) und Leistungsumwandler (PCU) Lack- und Kunststoffpflege Medizintechnik \u00dcbersicht Medizintechnik Medizinische Silicon-Haftklebstoffe Orthop\u00e4die und [&hellip;]","og_url":"https:\/\/www.axentum.de\/index.php\/industrien\/","og_site_name":"Axentum GmbH","article_modified_time":"2021-10-13T13:55:55+00:00","twitter_card":"summary_large_image","twitter_misc":{"Gesch\u00e4tzte Lesezeit":"1\u00a0Minute"},"schema":{"@context":"https:\/\/schema.org","@graph":[{"@type":"WebPage","@id":"https:\/\/www.axentum.de\/index.php\/industrien\/","url":"https:\/\/www.axentum.de\/index.php\/industrien\/","name":"Industrien - Axentum GmbH","isPartOf":{"@id":"https:\/\/www.axentum.de\/#website"},"datePublished":"2020-12-22T09:01:58+00:00","dateModified":"2021-10-13T13:55:55+00:00","breadcrumb":{"@id":"https:\/\/www.axentum.de\/index.php\/industrien\/#breadcrumb"},"inLanguage":"de","potentialAction":[{"@type":"ReadAction","target":["https:\/\/www.axentum.de\/index.php\/industrien\/"]}]},{"@type":"BreadcrumbList","@id":"https:\/\/www.axentum.de\/index.php\/industrien\/#breadcrumb","itemListElement":[{"@type":"ListItem","position":1,"name":"Home","item":"https:\/\/www.axentum.de\/"},{"@type":"ListItem","position":2,"name":"Industrien"}]},{"@type":"WebSite","@id":"https:\/\/www.axentum.de\/#website","url":"https:\/\/www.axentum.de\/","name":"Axentum GmbH","description":"","publisher":{"@id":"https:\/\/www.axentum.de\/#organization"},"potentialAction":[{"@type":"SearchAction","target":{"@type":"EntryPoint","urlTemplate":"https:\/\/www.axentum.de\/?s={search_term_string}"},"query-input":{"@type":"PropertyValueSpecification","valueRequired":true,"valueName":"search_term_string"}}],"inLanguage":"de"},{"@type":"Organization","@id":"https:\/\/www.axentum.de\/#organization","name":"Axentum GmbH","url":"https:\/\/www.axentum.de\/","logo":{"@type":"ImageObject","inLanguage":"de","@id":"https:\/\/www.axentum.de\/#\/schema\/logo\/image\/","url":"https:\/\/www.axentum.de\/wp-content\/uploads\/2017\/09\/axentum-2.png","contentUrl":"https:\/\/www.axentum.de\/wp-content\/uploads\/2017\/09\/axentum-2.png","width":1216,"height":457,"caption":"Axentum GmbH"},"image":{"@id":"https:\/\/www.axentum.de\/#\/schema\/logo\/image\/"}}]}},"_links":{"self":[{"href":"https:\/\/www.axentum.de\/index.php\/wp-json\/wp\/v2\/pages\/791","targetHints":{"allow":["GET"]}}],"collection":[{"href":"https:\/\/www.axentum.de\/index.php\/wp-json\/wp\/v2\/pages"}],"about":[{"href":"https:\/\/www.axentum.de\/index.php\/wp-json\/wp\/v2\/types\/page"}],"author":[{"embeddable":true,"href":"https:\/\/www.axentum.de\/index.php\/wp-json\/wp\/v2\/users\/1"}],"replies":[{"embeddable":true,"href":"https:\/\/www.axentum.de\/index.php\/wp-json\/wp\/v2\/comments?post=791"}],"version-history":[{"count":16,"href":"https:\/\/www.axentum.de\/index.php\/wp-json\/wp\/v2\/pages\/791\/revisions"}],"predecessor-version":[{"id":1098,"href":"https:\/\/www.axentum.de\/index.php\/wp-json\/wp\/v2\/pages\/791\/revisions\/1098"}],"wp:attachment":[{"href":"https:\/\/www.axentum.de\/index.php\/wp-json\/wp\/v2\/media?parent=791"}],"curies":[{"name":"wp","href":"https:\/\/api.w.org\/{rel}","templated":true}]}}