{"id":649,"date":"2018-04-06T05:12:05","date_gmt":"2018-04-06T05:12:05","guid":{"rendered":"https:\/\/thegenius.co\/wp\/industry\/live2\/?page_id=649"},"modified":"2025-06-02T11:33:15","modified_gmt":"2025-06-02T11:33:15","slug":"produkte-von-wacker","status":"publish","type":"page","link":"https:\/\/www.axentum.de\/","title":{"rendered":"Home"},"content":{"rendered":"<p><section class=\"kc-elm kc-css-520315 kc_row\"><div class=\"kc-row-container  kc-container\"><div class=\"kc-wrap-columns\"><div class=\"kc-elm kc-css-994581 kc_col-sm-2 kc_column kc_col-sm-2\"><div class=\"kc-col-container\"><\/div><\/div><div class=\"kc-elm kc-css-668762 kc_col-sm-8 kc_column kc_col-sm-8\"><div class=\"kc-col-container\"><div class=\"kc-elm kc-css-914026 kc_text_block textblock\"><\/p>\n<p>\nWe work on the forefront of innovation and technology to take products from an idea all the way to the end consumer. <a href=\"https:\/\/thegenius.co\/wp\/industry\/live2\/get-quote\/\">Request a quote.<\/a><\/p>\n<p>\n<\/div><\/div><\/div><div class=\"kc-elm kc-css-261655 kc_col-sm-2 kc_column kc_col-sm-2\"><div class=\"kc-col-container\"><\/div><\/div><\/div><\/div><\/section><section class=\"kc-elm kc-css-775992 kc_row\"><div class=\"kc-row-container  kc-container\"><div class=\"kc-wrap-columns\"><div class=\"kc-elm kc-css-895785 kc_col-sm-12 kc_column kc_col-sm-12\"><div class=\"kc-col-container\">\r\n\t<div class=\"section-title text-center\">\r\r\n\t\t<h2>Featured Solutions<\/h2>\r\r\n\t\t<p>You will find yourself working in a true partnership that results.<\/p>\r\r\n\t<\/div>\r\r\n<\/div><\/div><\/div><\/div><\/section><section class=\"kc-elm kc-css-101497 kc_row\"><div class=\"kc-row-container  kc-container\"><div class=\"kc-wrap-columns\"><div class=\"kc-elm kc-css-653910 kc_col-sm-4 kc_column kc_col-sm-4\"><div class=\"kc-col-container\">\r\n\t\r\n\t<div class=\"new-solution-item\">\r\r\n\t\t<div class=\"solution-content\" style=\"background-color: #dbd6d4; color: #000000\">\r\r\n\t\t\t<a href=\"https:\/\/www.axentum.de\/index.php\/services\/elektrovergussmassen||\"><h4 style=\"color: #000000\">Elektrovergussmassen <\/h4><\/a>\r\r\n\t\t\t<p>Unsere Elektrovergussmassen aus Silikon eignen sich f\u00fcr eine Vielfalt an Elektronik-anwendungen. Sie sch\u00fctzen, kleben, dichten ab und isolieren von \u00e4usseren Einfl\u00fcssen aller Art.<\/p>\r\r\n\t\t<\/div>\r\r\n\t\t<div class=\"solution-image\">\r\r\n\t\t\t<img loading=\"lazy\" decoding=\"async\" width=\"780\" height=\"320\" src=\"https:\/\/www.axentum.de\/wp-content\/uploads\/2017\/09\/Vergussmassen_kl-780x320.jpg\" class=\"attachment-industryall-solution-thumb size-industryall-solution-thumb\" alt=\"\" img-reponsive=\"\" \/>\r\n\t\t<\/div>\r\r\n\t<\/div>\r\r\n\t\r\n\r\r\n\t<\/div><\/div><div class=\"kc-elm kc-css-257587 kc_col-sm-4 kc_column kc_col-sm-4\"><div class=\"kc-col-container\">\r\n\t\r\n\t<div class=\"new-solution-item\">\r\r\n\t\t<div class=\"solution-image\">\r\r\n\t\t\t<img loading=\"lazy\" decoding=\"async\" width=\"900\" height=\"320\" src=\"https:\/\/www.axentum.de\/wp-content\/uploads\/2017\/09\/Dichtstoffe_kl-e1678031970250-900x320.jpg\" class=\"attachment-industryall-solution-thumb size-industryall-solution-thumb\" alt=\"\" img-reponsive=\"\" \/>\r\n\t\t<\/div>\r\r\n\t\t<div class=\"solution-content\" style=\"background-color: #252525; color: #ffffff\">\r\r\n\t\t\t<a href=\"https:\/\/www.axentum.de\/index.php\/services\/silikon-kleb-dichtstoffe||\"><h4 style=\"color: #2a7fff\">Silikon-Kleb- &amp; Dichtstoffe<\/h4><\/a>\r\r\n\t\t\t<p>Ideal f\u00fcr fast alle Dichtungs-, Klebe- und Beschichtungsanwendungen in Automotive, Baugewerbe, Elektronik, Elektrotechnik etc.<\/p>\r\r\n\t\t<\/div>\r\r\n\t<\/div>\r\r\n\t\r\n\r\r\n\t<\/div><\/div><div class=\"kc-elm kc-css-72222 kc_col-sm-4 kc_column kc_col-sm-4\"><div class=\"kc-col-container\">\r\n\t\r\n\t<div class=\"new-solution-item\">\r\r\n\t\t<div class=\"solution-content\" style=\"background-color: #2a7fff; color: #000000\">\r\r\n\t\t\t<a href=\"https:\/\/www.axentum.de\/index.php\/services\/silikonoele||\"><h4 style=\"color: \">Silikon\u00f6le<\/h4><\/a>\r\r\n\t\t\t<p>Silikon\u00f6le \u00fcberzeugen mit hoher Thermobest\u00e4ndigkeit als als Trenn- und Gleitmittel f\u00fcr Industrie, Modell- und Formenbau.<\/p>\r\r\n\t\t<\/div>\r\r\n\t\t<div class=\"solution-image\">\r\r\n\t\t\t<img loading=\"lazy\" decoding=\"async\" width=\"751\" height=\"320\" src=\"https:\/\/www.axentum.de\/wp-content\/uploads\/2017\/09\/Silikonoel-1-e1677675116821-751x320.jpg\" class=\"attachment-industryall-solution-thumb size-industryall-solution-thumb\" alt=\"\" img-reponsive=\"\" \/>\r\n\t\t<\/div>\r\r\n\t<\/div>\r\r\n\t\r\n\r\r\n\t<\/div><\/div><\/div><\/div><\/section><section class=\"kc-elm kc-css-556514 kc_row\"><div class=\"kc-row-container  kc-container\"><div class=\"kc-wrap-columns\"><div class=\"kc-elm kc-css-464574 kc_col-sm-11 kc_column kc_col-sm-11\"><div class=\"kc-col-container\">\n<div class=\"kc-elm kc-css-424505 kc-title-wrap \">\n\n\t<h2 class=\"kc_title\">\u00dcber uns<\/h2>\n<\/div>\n<div class=\"kc-elm kc-css-541175 kc_text_block\"><\/p>\n<p>\nWir sind spezialisiert auf den Handel mit Elektrovergussmassen, Kleb- und Dichtstoffen und vielen weiteren Produkten auf Silikonbasis. Diese Produkte werden h\u00f6chsten Anspr\u00fcchen gerecht und eignen sich hervorragend f\u00fcr den Einsatz in Branchen wie Elektroindustrie, Automotive, Medizintechnik etc. Gerne beraten und begleiten wir Sie bei Ihren Projekten.<\/p>\n<p>\n<\/div><div class=\"kc-elm kc-css-724304\" style=\"height: 20px; clear: both; width:100%;\"><\/div><div class=\"kc-elm kc-css-273595 kc_text_block\"><\/p>\n<p>\nStefan Kaech<\/p>\n<p>Gesch\u00e4ftsf\u00fchrer<\/p>\n<p><a href=\"mailto:isidora.rudolph@axentum.de\">kontakt@axentum.de<\/a><\/p>\n<p>\n<\/div><\/div><\/div><div class=\"kc-elm kc-css-600754 kc_col-sm-1 kc_column kc_col-sm-1\"><div class=\"kc-col-container\"><\/div><\/div><\/div><\/div><\/section><section class=\"kc-elm kc-css-633446 kc_row\"><div class=\"kc-row-container  kc-container\"><div class=\"kc-wrap-columns\"><div class=\"kc-elm kc-css-430363 kc_col-sm-4 kc_column kc_col-sm-4\"><div class=\"kc-col-container\">\r\n\r\r\n\r\n\t<\/div><\/div><div class=\"kc-elm kc-css-736289 kc_col-sm-4 kc_column kc_col-sm-4\"><div class=\"kc-col-container\">\r\n\r\r\n\r\n\t<\/div><\/div><div class=\"kc-elm kc-css-512044 kc_col-sm-4 kc_column kc_col-sm-4\"><div class=\"kc-col-container\">\r\n\t<div class=\"default-post-list\">\r\r\n\t\r\n\t<div class=\"more-post-button\">\r\r\n\t\t<a href=\"#\">More News<span class=\"fa fa-angle-right\"><\/span><\/a>\r\r\n\t<\/div>\r\r\n\t<\/div>\r\r\n<\/div><\/div><\/div><\/div><\/section><section class=\"kc-elm kc-css-380183 kc_row\"><div class=\"kc-row-container  kc-container\"><div class=\"kc-wrap-columns\"><div class=\"kc-elm kc-css-21961 kc_col-sm-12 kc_column kc_col-sm-12\"><div class=\"kc-col-container\">    <div class=\"col-sm-10 col-md-8 text-right\">\r\n      <h4 class=\"call-block\">Kontaktieren Sie uns unter +49 7623 468 41 41 oder per Kontaktformular.<\/h4>\r\n    <\/div>\r\n    <div class=\"col-sm-2 col-md-4 text-left\">\r\n      <div class=\"call-btn btn_tr_br\">\r\n        <a href=\"https:\/\/www.axentum.de\/index.php\/kontakt\/\" class=\"btn btn-default\">Kontaktformular<\/a>\r\n      <\/div>\r\n    <\/div>\r\n    <\/div><\/div><\/div><\/div><\/section><section data-kc-fullwidth=\"content\" class=\"kc-elm kc-css-272778 kc_row\"><div class=\"kc-row-container\"><div class=\"kc-wrap-columns\"><div class=\"kc-elm kc-css-149647 kc_col-sm-12 kc_column kc_col-sm-12\"><div class=\"kc-col-container\">\r\n\t<div class=\"contact-map\" id=\"location\" style=\"height: 300; width: 100%;\"><\/div>\r\r\n\t\r\n\t<\/div><\/div><\/div><\/div><\/section><\/p>\n","protected":false},"excerpt":{"rendered":"","protected":false},"author":1,"featured_media":0,"parent":0,"menu_order":0,"comment_status":"closed","ping_status":"closed","template":"","meta":{"footnotes":""},"class_list":["post-649","page","type-page","status-publish","hentry"],"yoast_head":"<!-- This site is optimized with the Yoast SEO plugin v27.2 - https:\/\/yoast.com\/product\/yoast-seo-wordpress\/ -->\n<title>Home - Axentum GmbH<\/title>\n<meta name=\"description\" content=\"Hochwertige Produkte f\u00fcr anspruchsvolle Anwendungen: Elektrovergussmassen, Kleb- und Dichtstoffe, Silikon\u00f6le. Kontaktieren Sie uns.\" \/>\n<meta name=\"robots\" content=\"index, follow, max-snippet:-1, max-image-preview:large, max-video-preview:-1\" \/>\n<link rel=\"canonical\" href=\"https:\/\/www.axentum.de\/\" \/>\n<meta property=\"og:locale\" content=\"de_DE\" \/>\n<meta property=\"og:type\" content=\"article\" \/>\n<meta property=\"og:title\" content=\"Home - Axentum GmbH\" \/>\n<meta property=\"og:description\" content=\"Hochwertige Produkte f\u00fcr anspruchsvolle Anwendungen: Elektrovergussmassen, Kleb- und Dichtstoffe, Silikon\u00f6le. Kontaktieren Sie uns.\" \/>\n<meta property=\"og:url\" content=\"https:\/\/www.axentum.de\/\" \/>\n<meta property=\"og:site_name\" content=\"Axentum GmbH\" \/>\n<meta property=\"article:modified_time\" content=\"2025-06-02T11:33:15+00:00\" \/>\n<meta property=\"og:image\" content=\"https:\/\/www.axentum.de\/wp-content\/uploads\/2017\/09\/Vergussmassen_kl-780x320.jpg\" \/>\n<meta name=\"twitter:card\" content=\"summary_large_image\" \/>\n<meta name=\"twitter:label1\" content=\"Gesch\u00e4tzte Lesezeit\" \/>\n\t<meta name=\"twitter:data1\" content=\"1\u00a0Minute\" \/>\n<script type=\"application\/ld+json\" class=\"yoast-schema-graph\">{\"@context\":\"https:\/\/schema.org\",\"@graph\":[{\"@type\":\"WebPage\",\"@id\":\"https:\/\/www.axentum.de\/\",\"url\":\"https:\/\/www.axentum.de\/\",\"name\":\"Home - Axentum GmbH\",\"isPartOf\":{\"@id\":\"https:\/\/www.axentum.de\/#website\"},\"primaryImageOfPage\":{\"@id\":\"https:\/\/www.axentum.de\/#primaryimage\"},\"image\":{\"@id\":\"https:\/\/www.axentum.de\/#primaryimage\"},\"thumbnailUrl\":\"https:\/\/www.axentum.de\/wp-content\/uploads\/2017\/09\/Vergussmassen_kl-780x320.jpg\",\"datePublished\":\"2018-04-06T05:12:05+00:00\",\"dateModified\":\"2025-06-02T11:33:15+00:00\",\"description\":\"Hochwertige Produkte f\u00fcr anspruchsvolle Anwendungen: Elektrovergussmassen, Kleb- und Dichtstoffe, Silikon\u00f6le. Kontaktieren Sie uns.\",\"breadcrumb\":{\"@id\":\"https:\/\/www.axentum.de\/#breadcrumb\"},\"inLanguage\":\"de\",\"potentialAction\":[{\"@type\":\"ReadAction\",\"target\":[\"https:\/\/www.axentum.de\/\"]}]},{\"@type\":\"ImageObject\",\"inLanguage\":\"de\",\"@id\":\"https:\/\/www.axentum.de\/#primaryimage\",\"url\":\"https:\/\/www.axentum.de\/wp-content\/uploads\/2017\/09\/Vergussmassen_kl.jpg\",\"contentUrl\":\"https:\/\/www.axentum.de\/wp-content\/uploads\/2017\/09\/Vergussmassen_kl.jpg\",\"width\":780,\"height\":520},{\"@type\":\"BreadcrumbList\",\"@id\":\"https:\/\/www.axentum.de\/#breadcrumb\",\"itemListElement\":[{\"@type\":\"ListItem\",\"position\":1,\"name\":\"Home\",\"item\":\"https:\/\/www.axentum.de\/\"},{\"@type\":\"ListItem\",\"position\":2,\"name\":\"Home\"}]},{\"@type\":\"WebSite\",\"@id\":\"https:\/\/www.axentum.de\/#website\",\"url\":\"https:\/\/www.axentum.de\/\",\"name\":\"Axentum GmbH\",\"description\":\"\",\"publisher\":{\"@id\":\"https:\/\/www.axentum.de\/#organization\"},\"potentialAction\":[{\"@type\":\"SearchAction\",\"target\":{\"@type\":\"EntryPoint\",\"urlTemplate\":\"https:\/\/www.axentum.de\/?s={search_term_string}\"},\"query-input\":{\"@type\":\"PropertyValueSpecification\",\"valueRequired\":true,\"valueName\":\"search_term_string\"}}],\"inLanguage\":\"de\"},{\"@type\":\"Organization\",\"@id\":\"https:\/\/www.axentum.de\/#organization\",\"name\":\"Axentum GmbH\",\"url\":\"https:\/\/www.axentum.de\/\",\"logo\":{\"@type\":\"ImageObject\",\"inLanguage\":\"de\",\"@id\":\"https:\/\/www.axentum.de\/#\/schema\/logo\/image\/\",\"url\":\"https:\/\/www.axentum.de\/wp-content\/uploads\/2017\/09\/axentum-2.png\",\"contentUrl\":\"https:\/\/www.axentum.de\/wp-content\/uploads\/2017\/09\/axentum-2.png\",\"width\":1216,\"height\":457,\"caption\":\"Axentum GmbH\"},\"image\":{\"@id\":\"https:\/\/www.axentum.de\/#\/schema\/logo\/image\/\"}}]}<\/script>\n<!-- \/ Yoast SEO plugin. -->","yoast_head_json":{"title":"Home - Axentum GmbH","description":"Hochwertige Produkte f\u00fcr anspruchsvolle Anwendungen: Elektrovergussmassen, Kleb- und Dichtstoffe, Silikon\u00f6le. Kontaktieren Sie uns.","robots":{"index":"index","follow":"follow","max-snippet":"max-snippet:-1","max-image-preview":"max-image-preview:large","max-video-preview":"max-video-preview:-1"},"canonical":"https:\/\/www.axentum.de\/","og_locale":"de_DE","og_type":"article","og_title":"Home - Axentum GmbH","og_description":"Hochwertige Produkte f\u00fcr anspruchsvolle Anwendungen: Elektrovergussmassen, Kleb- und Dichtstoffe, Silikon\u00f6le. Kontaktieren Sie uns.","og_url":"https:\/\/www.axentum.de\/","og_site_name":"Axentum GmbH","article_modified_time":"2025-06-02T11:33:15+00:00","og_image":[{"url":"https:\/\/www.axentum.de\/wp-content\/uploads\/2017\/09\/Vergussmassen_kl-780x320.jpg","type":"","width":"","height":""}],"twitter_card":"summary_large_image","twitter_misc":{"Gesch\u00e4tzte Lesezeit":"1\u00a0Minute"},"schema":{"@context":"https:\/\/schema.org","@graph":[{"@type":"WebPage","@id":"https:\/\/www.axentum.de\/","url":"https:\/\/www.axentum.de\/","name":"Home - Axentum GmbH","isPartOf":{"@id":"https:\/\/www.axentum.de\/#website"},"primaryImageOfPage":{"@id":"https:\/\/www.axentum.de\/#primaryimage"},"image":{"@id":"https:\/\/www.axentum.de\/#primaryimage"},"thumbnailUrl":"https:\/\/www.axentum.de\/wp-content\/uploads\/2017\/09\/Vergussmassen_kl-780x320.jpg","datePublished":"2018-04-06T05:12:05+00:00","dateModified":"2025-06-02T11:33:15+00:00","description":"Hochwertige Produkte f\u00fcr anspruchsvolle Anwendungen: Elektrovergussmassen, Kleb- und Dichtstoffe, Silikon\u00f6le. Kontaktieren Sie uns.","breadcrumb":{"@id":"https:\/\/www.axentum.de\/#breadcrumb"},"inLanguage":"de","potentialAction":[{"@type":"ReadAction","target":["https:\/\/www.axentum.de\/"]}]},{"@type":"ImageObject","inLanguage":"de","@id":"https:\/\/www.axentum.de\/#primaryimage","url":"https:\/\/www.axentum.de\/wp-content\/uploads\/2017\/09\/Vergussmassen_kl.jpg","contentUrl":"https:\/\/www.axentum.de\/wp-content\/uploads\/2017\/09\/Vergussmassen_kl.jpg","width":780,"height":520},{"@type":"BreadcrumbList","@id":"https:\/\/www.axentum.de\/#breadcrumb","itemListElement":[{"@type":"ListItem","position":1,"name":"Home","item":"https:\/\/www.axentum.de\/"},{"@type":"ListItem","position":2,"name":"Home"}]},{"@type":"WebSite","@id":"https:\/\/www.axentum.de\/#website","url":"https:\/\/www.axentum.de\/","name":"Axentum GmbH","description":"","publisher":{"@id":"https:\/\/www.axentum.de\/#organization"},"potentialAction":[{"@type":"SearchAction","target":{"@type":"EntryPoint","urlTemplate":"https:\/\/www.axentum.de\/?s={search_term_string}"},"query-input":{"@type":"PropertyValueSpecification","valueRequired":true,"valueName":"search_term_string"}}],"inLanguage":"de"},{"@type":"Organization","@id":"https:\/\/www.axentum.de\/#organization","name":"Axentum GmbH","url":"https:\/\/www.axentum.de\/","logo":{"@type":"ImageObject","inLanguage":"de","@id":"https:\/\/www.axentum.de\/#\/schema\/logo\/image\/","url":"https:\/\/www.axentum.de\/wp-content\/uploads\/2017\/09\/axentum-2.png","contentUrl":"https:\/\/www.axentum.de\/wp-content\/uploads\/2017\/09\/axentum-2.png","width":1216,"height":457,"caption":"Axentum GmbH"},"image":{"@id":"https:\/\/www.axentum.de\/#\/schema\/logo\/image\/"}}]}},"_links":{"self":[{"href":"https:\/\/www.axentum.de\/index.php\/wp-json\/wp\/v2\/pages\/649","targetHints":{"allow":["GET"]}}],"collection":[{"href":"https:\/\/www.axentum.de\/index.php\/wp-json\/wp\/v2\/pages"}],"about":[{"href":"https:\/\/www.axentum.de\/index.php\/wp-json\/wp\/v2\/types\/page"}],"author":[{"embeddable":true,"href":"https:\/\/www.axentum.de\/index.php\/wp-json\/wp\/v2\/users\/1"}],"replies":[{"embeddable":true,"href":"https:\/\/www.axentum.de\/index.php\/wp-json\/wp\/v2\/comments?post=649"}],"version-history":[{"count":79,"href":"https:\/\/www.axentum.de\/index.php\/wp-json\/wp\/v2\/pages\/649\/revisions"}],"predecessor-version":[{"id":2114,"href":"https:\/\/www.axentum.de\/index.php\/wp-json\/wp\/v2\/pages\/649\/revisions\/2114"}],"wp:attachment":[{"href":"https:\/\/www.axentum.de\/index.php\/wp-json\/wp\/v2\/media?parent=649"}],"curies":[{"name":"wp","href":"https:\/\/api.w.org\/{rel}","templated":true}]}}