{"id":22,"date":"2017-09-24T12:44:11","date_gmt":"2017-09-24T12:44:11","guid":{"rendered":"https:\/\/thegenius.co\/wp\/industry\/live2\/?page_id=22"},"modified":"2022-08-03T12:15:49","modified_gmt":"2022-08-03T12:15:49","slug":"produkte","status":"publish","type":"page","link":"https:\/\/www.axentum.de\/index.php\/produkte\/","title":{"rendered":"Produkte"},"content":{"rendered":"<p><section class=\"kc-elm kc-css-431363 kc_row\"><div class=\"kc-row-container  kc-container\"><div class=\"kc-wrap-columns\"><div class=\"kc-elm kc-css-866 kc_col-sm-4 kc_column kc_col-sm-4\"><div class=\"kc-col-container\">                <div class=\"solution-block\">\r\n                <div class=\"solution-img\">\r\n                    <img loading=\"lazy\" decoding=\"async\" width=\"370\" height=\"179\" src=\"https:\/\/www.axentum.de\/wp-content\/uploads\/2021\/09\/20040805_silicones_elektronikbroschuere_178_verwendet_klein-e1660220167114.jpg\" class=\"attachment-image-responsive size-image-responsive wp-post-image\" alt=\"Verguss von Elektronikteilen\" srcset=\"https:\/\/www.axentum.de\/wp-content\/uploads\/2021\/09\/20040805_silicones_elektronikbroschuere_178_verwendet_klein-e1660220167114.jpg 370w, https:\/\/www.axentum.de\/wp-content\/uploads\/2021\/09\/20040805_silicones_elektronikbroschuere_178_verwendet_klein-e1660220167114-300x145.jpg 300w\" sizes=\"auto, (max-width: 370px) 100vw, 370px\" \/>                    <div class=\"overlay-bg\">\r\n                        <a href=\"https:\/\/www.axentum.de\/index.php\/services\/elektrovergussmassen\/\"><i class=\"ti-signal\"><\/i><\/a>\r\n                    <\/div>\r\n                <\/div>\r\n                <div class=\"solution-dtl\">\r\n                    <a href=\"https:\/\/www.axentum.de\/index.php\/services\/elektrovergussmassen\/\">\r\n                        <h5 class=\"solution-heading\">Elektrovergussmassen<\/h5>\r\n                    <\/a>\r\n                    <p>Vergussmassen auf Silikon-, Epoxid- und Polyurethanbasis sind heute in der Elektronikindustrie unverzichtbar. <\/p>\n                <\/div>\r\n            <\/div>\r\n            \r\n    <\/div><\/div><div class=\"kc-elm kc-css-717773 kc_col-sm-4 kc_column kc_col-sm-4\"><div class=\"kc-col-container\">                <div class=\"solution-block\">\r\n                <div class=\"solution-img\">\r\n                    <img loading=\"lazy\" decoding=\"async\" width=\"370\" height=\"180\" src=\"https:\/\/www.axentum.de\/wp-content\/uploads\/2017\/09\/Klebstoffe-1.jpg\" class=\"attachment-image-responsive size-image-responsive wp-post-image\" alt=\"\" srcset=\"https:\/\/www.axentum.de\/wp-content\/uploads\/2017\/09\/Klebstoffe-1.jpg 370w, https:\/\/www.axentum.de\/wp-content\/uploads\/2017\/09\/Klebstoffe-1-300x146.jpg 300w\" sizes=\"auto, (max-width: 370px) 100vw, 370px\" \/>                    <div class=\"overlay-bg\">\r\n                        <a href=\"https:\/\/www.axentum.de\/index.php\/services\/klebstoffe\/\"><i class=\"ti-spray\"><\/i><\/a>\r\n                    <\/div>\r\n                <\/div>\r\n                <div class=\"solution-dtl\">\r\n                    <a href=\"https:\/\/www.axentum.de\/index.php\/services\/klebstoffe\/\">\r\n                        <h5 class=\"solution-heading\">Klebstoffe<\/h5>\r\n                    <\/a>\r\n                    <p>Diese vielseitigen Produkte kommen in den unterschiedlichsten Anwen-dungen in der Industrie zum Einsatz.<\/p>\n                <\/div>\r\n            <\/div>\r\n            \r\n    <\/div><\/div><div class=\"kc-elm kc-css-208653 kc_col-sm-4 kc_column kc_col-sm-4\"><div class=\"kc-col-container\">                <div class=\"solution-block\">\r\n                <div class=\"solution-img\">\r\n                    <img loading=\"lazy\" decoding=\"async\" width=\"370\" height=\"180\" src=\"https:\/\/www.axentum.de\/wp-content\/uploads\/2017\/09\/Formenbau_neu.jpg\" class=\"attachment-image-responsive size-image-responsive wp-post-image\" alt=\"\" srcset=\"https:\/\/www.axentum.de\/wp-content\/uploads\/2017\/09\/Formenbau_neu.jpg 370w, https:\/\/www.axentum.de\/wp-content\/uploads\/2017\/09\/Formenbau_neu-300x146.jpg 300w\" sizes=\"auto, (max-width: 370px) 100vw, 370px\" \/>                    <div class=\"overlay-bg\">\r\n                        <a href=\"https:\/\/www.axentum.de\/index.php\/services\/abformmassen\/\"><i class=\"ti-plug\"><\/i><\/a>\r\n                    <\/div>\r\n                <\/div>\r\n                <div class=\"solution-dtl\">\r\n                    <a href=\"https:\/\/www.axentum.de\/index.php\/services\/abformmassen\/\">\r\n                        <h5 class=\"solution-heading\">Abformmassen<\/h5>\r\n                    <\/a>\r\n                    <p>\u00c4usserst flexible Silikonkautschuk-Abformmassen f\u00fcr die Herstellung pr\u00e4zisester Formen. <\/p>\n                <\/div>\r\n            <\/div>\r\n            \r\n    <\/div><\/div><\/div><\/div><\/section><section class=\"kc-elm kc-css-228285 kc_row\"><div class=\"kc-row-container  kc-container\"><div class=\"kc-wrap-columns\"><div class=\"kc-elm kc-css-264405 kc_col-sm-4 kc_column kc_col-sm-4\"><div class=\"kc-col-container\">                <div class=\"solution-block\">\r\n                <div class=\"solution-img\">\r\n                    <img loading=\"lazy\" decoding=\"async\" width=\"370\" height=\"180\" src=\"https:\/\/www.axentum.de\/wp-content\/uploads\/2017\/09\/Plastik-Klebstoffe-e1651667849542.jpg\" class=\"attachment-image-responsive size-image-responsive wp-post-image\" alt=\"\" \/>                    <div class=\"overlay-bg\">\r\n                        <a href=\"https:\/\/www.axentum.de\/index.php\/services\/silikon-kleb-dichtstoffe\/\"><i class=\"ti-link\"><\/i><\/a>\r\n                    <\/div>\r\n                <\/div>\r\n                <div class=\"solution-dtl\">\r\n                    <a href=\"https:\/\/www.axentum.de\/index.php\/services\/silikon-kleb-dichtstoffe\/\">\r\n                        <h5 class=\"solution-heading\">Silikon-Kleb- &#038; Dichtstoffe<\/h5>\r\n                    <\/a>\r\n                    <p>Spezielle Kleber, die auch auf Silikonoberfl\u00e4chen haften. Einsatz-bereiche: Automotive, Elektrotechnik, Healthcare, Textilien u.a.<\/p>\n                <\/div>\r\n            <\/div>\r\n            \r\n    <\/div><\/div><div class=\"kc-elm kc-css-532117 kc_col-sm-4 kc_column kc_col-sm-4\"><div class=\"kc-col-container\">                <div class=\"solution-block\">\r\n                <div class=\"solution-img\">\r\n                    <img loading=\"lazy\" decoding=\"async\" width=\"367\" height=\"179\" src=\"https:\/\/www.axentum.de\/wp-content\/uploads\/2017\/09\/LSR_neu-1.jpg\" class=\"attachment-image-responsive size-image-responsive wp-post-image\" alt=\"\" srcset=\"https:\/\/www.axentum.de\/wp-content\/uploads\/2017\/09\/LSR_neu-1.jpg 367w, https:\/\/www.axentum.de\/wp-content\/uploads\/2017\/09\/LSR_neu-1-300x146.jpg 300w\" sizes=\"auto, (max-width: 367px) 100vw, 367px\" \/>                    <div class=\"overlay-bg\">\r\n                        <a href=\"https:\/\/www.axentum.de\/index.php\/services\/lsr-fluessigsilikonkautschuk\/\"><i class=\"ti-paint-bucket\"><\/i><\/a>\r\n                    <\/div>\r\n                <\/div>\r\n                <div class=\"solution-dtl\">\r\n                    <a href=\"https:\/\/www.axentum.de\/index.php\/services\/lsr-fluessigsilikonkautschuk\/\">\r\n                        <h5 class=\"solution-heading\">LSR-Fl\u00fcssigsilikonkautschuk<\/h5>\r\n                    <\/a>\r\n                    <p>Ein Produkt mit hohem Zukunfts-potenzial. Haftet auf vielen Kunst-stoffen und Metallen und wird u.a. in der Hochspannungstechnik oder im Anlagenbau verwendet.<\/p>\n                <\/div>\r\n            <\/div>\r\n            \r\n    <\/div><\/div><div class=\"kc-elm kc-css-353532 kc_col-sm-4 kc_column kc_col-sm-4\"><div class=\"kc-col-container\">                <div class=\"solution-block\">\r\n                <div class=\"solution-img\">\r\n                    <img loading=\"lazy\" decoding=\"async\" width=\"370\" height=\"180\" src=\"https:\/\/www.axentum.de\/wp-content\/uploads\/2017\/09\/Silikonoel_neu.jpg\" class=\"attachment-image-responsive size-image-responsive wp-post-image\" alt=\"Silikon\u00f6l auf Gewebe\" srcset=\"https:\/\/www.axentum.de\/wp-content\/uploads\/2017\/09\/Silikonoel_neu.jpg 370w, https:\/\/www.axentum.de\/wp-content\/uploads\/2017\/09\/Silikonoel_neu-300x146.jpg 300w\" sizes=\"auto, (max-width: 370px) 100vw, 370px\" \/>                    <div class=\"overlay-bg\">\r\n                        <a href=\"https:\/\/www.axentum.de\/index.php\/services\/silikonoele\/\"><i class=\"ti-spray\"><\/i><\/a>\r\n                    <\/div>\r\n                <\/div>\r\n                <div class=\"solution-dtl\">\r\n                    <a href=\"https:\/\/www.axentum.de\/index.php\/services\/silikonoele\/\">\r\n                        <h5 class=\"solution-heading\">Silikon\u00f6le<\/h5>\r\n                    <\/a>\r\n                    <p>Als Trenn- und Gleitmittel oder in Hydraulik\u00f6len \u00fcberzeugen sie mit hoher Thermobest\u00e4ndigkeit \u00fcber einen Temperaturbereich von -60 bis +200 \u00b0C.<\/p>\n                <\/div>\r\n            <\/div>\r\n            \r\n    <\/div><\/div><\/div><\/div><\/section><section class=\"kc-elm kc-css-871439 kc_row\"><div class=\"kc-row-container  kc-container\"><div class=\"kc-wrap-columns\"><div class=\"kc-elm kc-css-888790 kc_col-sm-4 kc_column kc_col-sm-4\"><div class=\"kc-col-container\">                <div class=\"solution-block\">\r\n                <div class=\"solution-img\">\r\n                    <img loading=\"lazy\" decoding=\"async\" width=\"370\" height=\"180\" src=\"https:\/\/www.axentum.de\/wp-content\/uploads\/2017\/09\/Additive_neu.jpg\" class=\"attachment-image-responsive size-image-responsive wp-post-image\" alt=\"\" srcset=\"https:\/\/www.axentum.de\/wp-content\/uploads\/2017\/09\/Additive_neu.jpg 370w, https:\/\/www.axentum.de\/wp-content\/uploads\/2017\/09\/Additive_neu-300x146.jpg 300w\" sizes=\"auto, (max-width: 370px) 100vw, 370px\" \/>                    <div class=\"overlay-bg\">\r\n                        <a href=\"https:\/\/www.axentum.de\/index.php\/services\/additive\/\"><i class=\"sl-chemistry\"><\/i><\/a>\r\n                    <\/div>\r\n                <\/div>\r\n                <div class=\"solution-dtl\">\r\n                    <a href=\"https:\/\/www.axentum.de\/index.php\/services\/additive\/\">\r\n                        <h5 class=\"solution-heading\">Additive<\/h5>\r\n                    <\/a>\r\n                    <p>Als Katalysatoren, Inhibitoren, Stabilisatoren oder Vernetzer werden sie zur Optimierung von Produkten und Prozessen eingesetzt.<\/p>\n                <\/div>\r\n            <\/div>\r\n            \r\n    <\/div><\/div><div class=\"kc-elm kc-css-219385 kc_col-sm-4 kc_column kc_col-sm-4\"><div class=\"kc-col-container\">                <div class=\"solution-block\">\r\n                <div class=\"solution-img\">\r\n                    <img loading=\"lazy\" decoding=\"async\" width=\"370\" height=\"180\" src=\"https:\/\/www.axentum.de\/wp-content\/uploads\/2017\/09\/Silikonpasten_neu.jpg\" class=\"attachment-image-responsive size-image-responsive wp-post-image\" alt=\"\" srcset=\"https:\/\/www.axentum.de\/wp-content\/uploads\/2017\/09\/Silikonpasten_neu.jpg 370w, https:\/\/www.axentum.de\/wp-content\/uploads\/2017\/09\/Silikonpasten_neu-300x146.jpg 300w\" sizes=\"auto, (max-width: 370px) 100vw, 370px\" \/>                    <div class=\"overlay-bg\">\r\n                        <a href=\"https:\/\/www.axentum.de\/index.php\/services\/silikonpasten\/\"><i class=\"sl-hourglass\"><\/i><\/a>\r\n                    <\/div>\r\n                <\/div>\r\n                <div class=\"solution-dtl\">\r\n                    <a href=\"https:\/\/www.axentum.de\/index.php\/services\/silikonpasten\/\">\r\n                        <h5 class=\"solution-heading\">Silikonpasten<\/h5>\r\n                    <\/a>\r\n                    <p>Effektive, zuverl\u00e4ssige und best\u00e4ndige Prozesshelfer in unterschiedlichsten Industrien und Anwendungsgebieten.<\/p>\n                <\/div>\r\n            <\/div>\r\n            \r\n    <\/div><\/div><div class=\"kc-elm kc-css-654679 kc_col-sm-4 kc_column kc_col-sm-4\"><div class=\"kc-col-container\">                <div class=\"solution-block\">\r\n                <div class=\"solution-img\">\r\n                    <img loading=\"lazy\" decoding=\"async\" width=\"370\" height=\"180\" src=\"https:\/\/www.axentum.de\/wp-content\/uploads\/2017\/09\/Grundierungen_neu.jpg\" class=\"attachment-image-responsive size-image-responsive wp-post-image\" alt=\"\" srcset=\"https:\/\/www.axentum.de\/wp-content\/uploads\/2017\/09\/Grundierungen_neu.jpg 370w, https:\/\/www.axentum.de\/wp-content\/uploads\/2017\/09\/Grundierungen_neu-300x146.jpg 300w\" sizes=\"auto, (max-width: 370px) 100vw, 370px\" \/>                    <div class=\"overlay-bg\">\r\n                        <a href=\"https:\/\/www.axentum.de\/index.php\/services\/grundierungen\/\"><i class=\"ti-layers\"><\/i><\/a>\r\n                    <\/div>\r\n                <\/div>\r\n                <div class=\"solution-dtl\">\r\n                    <a href=\"https:\/\/www.axentum.de\/index.php\/services\/grundierungen\/\">\r\n                        <h5 class=\"solution-heading\">Grundierungen<\/h5>\r\n                    <\/a>\r\n                    <p>Eine ideale Basis als Haftvermittler zwischen Silikonelastomeren und anderen Substraten wie Metallen, Glas und Thermoplasten. <\/p>\n                <\/div>\r\n            <\/div>\r\n            \r\n    <\/div><\/div><\/div><\/div><\/section><section class=\"kc-elm kc-css-759740 kc_row\"><div class=\"kc-row-container  kc-container\"><div class=\"kc-wrap-columns\"><div class=\"kc-elm kc-css-818763 kc_col-sm-12 kc_column kc_col-sm-12\"><div class=\"kc-col-container\">    <div class=\"col-sm-10 col-md-8 text-right\">\r\n      <h4 class=\"call-block\">M\u00f6chten Sie gerne eine Beratung? Dann rufen Sie uns gerne an!<\/h4>\r\n    <\/div>\r\n    <div class=\"col-sm-2 col-md-4 text-left\">\r\n      <div class=\"call-btn button_dark\">\r\n        <a href=\"https:\/\/www3.ameba.ch\/index.php\/kontakt\/\" class=\"btn btn-default\">061 322 42 24<\/a>\r\n      <\/div>\r\n    <\/div>\r\n    <\/div><\/div><\/div><\/div><\/section><\/p>\n","protected":false},"excerpt":{"rendered":"","protected":false},"author":1,"featured_media":0,"parent":0,"menu_order":0,"comment_status":"closed","ping_status":"closed","template":"","meta":{"footnotes":""},"class_list":["post-22","page","type-page","status-publish","hentry"],"yoast_head":"<!-- This site is optimized with the Yoast SEO plugin v27.2 - https:\/\/yoast.com\/product\/yoast-seo-wordpress\/ -->\n<title>Produkte - Axentum GmbH<\/title>\n<meta name=\"description\" content=\"Hier finden Sie eine \u00dcbersicht \u00fcber unser Produkte. Klebstoffe, Elektrovergussmassen, Silikonkleb- und Dichtstoffe, Abformmassen u.v.m.\" \/>\n<meta name=\"robots\" content=\"index, follow, max-snippet:-1, max-image-preview:large, max-video-preview:-1\" \/>\n<link rel=\"canonical\" href=\"https:\/\/www.axentum.de\/index.php\/produkte\/\" \/>\n<meta property=\"og:locale\" content=\"de_DE\" \/>\n<meta property=\"og:type\" content=\"article\" \/>\n<meta property=\"og:title\" content=\"Produkte - Axentum GmbH\" \/>\n<meta property=\"og:description\" content=\"Hier finden Sie eine \u00dcbersicht \u00fcber unser Produkte. Klebstoffe, Elektrovergussmassen, Silikonkleb- und Dichtstoffe, Abformmassen u.v.m.\" \/>\n<meta property=\"og:url\" content=\"https:\/\/www.axentum.de\/index.php\/produkte\/\" \/>\n<meta property=\"og:site_name\" content=\"Axentum GmbH\" \/>\n<meta property=\"article:modified_time\" content=\"2022-08-03T12:15:49+00:00\" \/>\n<meta property=\"og:image\" content=\"https:\/\/www3.ameba.ch\/wp-content\/uploads\/2021\/04\/Silikon-Microchip-e1651667444156.jpg\" \/>\n<meta name=\"twitter:card\" content=\"summary_large_image\" \/>\n<meta name=\"twitter:label1\" content=\"Gesch\u00e4tzte Lesezeit\" \/>\n\t<meta name=\"twitter:data1\" content=\"1\u00a0Minute\" \/>\n<script type=\"application\/ld+json\" class=\"yoast-schema-graph\">{\"@context\":\"https:\/\/schema.org\",\"@graph\":[{\"@type\":\"WebPage\",\"@id\":\"https:\/\/www.axentum.de\/index.php\/produkte\/\",\"url\":\"https:\/\/www.axentum.de\/index.php\/produkte\/\",\"name\":\"Produkte - Axentum GmbH\",\"isPartOf\":{\"@id\":\"https:\/\/www.axentum.de\/#website\"},\"primaryImageOfPage\":{\"@id\":\"https:\/\/www.axentum.de\/index.php\/produkte\/#primaryimage\"},\"image\":{\"@id\":\"https:\/\/www.axentum.de\/index.php\/produkte\/#primaryimage\"},\"thumbnailUrl\":\"https:\/\/www3.ameba.ch\/wp-content\/uploads\/2021\/04\/Silikon-Microchip-e1651667444156.jpg\",\"datePublished\":\"2017-09-24T12:44:11+00:00\",\"dateModified\":\"2022-08-03T12:15:49+00:00\",\"description\":\"Hier finden Sie eine \u00dcbersicht \u00fcber unser Produkte. Klebstoffe, Elektrovergussmassen, Silikonkleb- und Dichtstoffe, Abformmassen u.v.m.\",\"breadcrumb\":{\"@id\":\"https:\/\/www.axentum.de\/index.php\/produkte\/#breadcrumb\"},\"inLanguage\":\"de\",\"potentialAction\":[{\"@type\":\"ReadAction\",\"target\":[\"https:\/\/www.axentum.de\/index.php\/produkte\/\"]}]},{\"@type\":\"ImageObject\",\"inLanguage\":\"de\",\"@id\":\"https:\/\/www.axentum.de\/index.php\/produkte\/#primaryimage\",\"url\":\"https:\/\/www3.ameba.ch\/wp-content\/uploads\/2021\/04\/Silikon-Microchip-e1651667444156.jpg\",\"contentUrl\":\"https:\/\/www3.ameba.ch\/wp-content\/uploads\/2021\/04\/Silikon-Microchip-e1651667444156.jpg\"},{\"@type\":\"BreadcrumbList\",\"@id\":\"https:\/\/www.axentum.de\/index.php\/produkte\/#breadcrumb\",\"itemListElement\":[{\"@type\":\"ListItem\",\"position\":1,\"name\":\"Home\",\"item\":\"https:\/\/www.axentum.de\/\"},{\"@type\":\"ListItem\",\"position\":2,\"name\":\"Produkte\"}]},{\"@type\":\"WebSite\",\"@id\":\"https:\/\/www.axentum.de\/#website\",\"url\":\"https:\/\/www.axentum.de\/\",\"name\":\"Axentum GmbH\",\"description\":\"\",\"publisher\":{\"@id\":\"https:\/\/www.axentum.de\/#organization\"},\"potentialAction\":[{\"@type\":\"SearchAction\",\"target\":{\"@type\":\"EntryPoint\",\"urlTemplate\":\"https:\/\/www.axentum.de\/?s={search_term_string}\"},\"query-input\":{\"@type\":\"PropertyValueSpecification\",\"valueRequired\":true,\"valueName\":\"search_term_string\"}}],\"inLanguage\":\"de\"},{\"@type\":\"Organization\",\"@id\":\"https:\/\/www.axentum.de\/#organization\",\"name\":\"Axentum GmbH\",\"url\":\"https:\/\/www.axentum.de\/\",\"logo\":{\"@type\":\"ImageObject\",\"inLanguage\":\"de\",\"@id\":\"https:\/\/www.axentum.de\/#\/schema\/logo\/image\/\",\"url\":\"https:\/\/www.axentum.de\/wp-content\/uploads\/2017\/09\/axentum-2.png\",\"contentUrl\":\"https:\/\/www.axentum.de\/wp-content\/uploads\/2017\/09\/axentum-2.png\",\"width\":1216,\"height\":457,\"caption\":\"Axentum GmbH\"},\"image\":{\"@id\":\"https:\/\/www.axentum.de\/#\/schema\/logo\/image\/\"}}]}<\/script>\n<!-- \/ Yoast SEO plugin. -->","yoast_head_json":{"title":"Produkte - Axentum GmbH","description":"Hier finden Sie eine \u00dcbersicht \u00fcber unser Produkte. Klebstoffe, Elektrovergussmassen, Silikonkleb- und Dichtstoffe, Abformmassen u.v.m.","robots":{"index":"index","follow":"follow","max-snippet":"max-snippet:-1","max-image-preview":"max-image-preview:large","max-video-preview":"max-video-preview:-1"},"canonical":"https:\/\/www.axentum.de\/index.php\/produkte\/","og_locale":"de_DE","og_type":"article","og_title":"Produkte - Axentum GmbH","og_description":"Hier finden Sie eine \u00dcbersicht \u00fcber unser Produkte. Klebstoffe, Elektrovergussmassen, Silikonkleb- und Dichtstoffe, Abformmassen u.v.m.","og_url":"https:\/\/www.axentum.de\/index.php\/produkte\/","og_site_name":"Axentum GmbH","article_modified_time":"2022-08-03T12:15:49+00:00","og_image":[{"url":"https:\/\/www3.ameba.ch\/wp-content\/uploads\/2021\/04\/Silikon-Microchip-e1651667444156.jpg","type":"","width":"","height":""}],"twitter_card":"summary_large_image","twitter_misc":{"Gesch\u00e4tzte Lesezeit":"1\u00a0Minute"},"schema":{"@context":"https:\/\/schema.org","@graph":[{"@type":"WebPage","@id":"https:\/\/www.axentum.de\/index.php\/produkte\/","url":"https:\/\/www.axentum.de\/index.php\/produkte\/","name":"Produkte - Axentum GmbH","isPartOf":{"@id":"https:\/\/www.axentum.de\/#website"},"primaryImageOfPage":{"@id":"https:\/\/www.axentum.de\/index.php\/produkte\/#primaryimage"},"image":{"@id":"https:\/\/www.axentum.de\/index.php\/produkte\/#primaryimage"},"thumbnailUrl":"https:\/\/www3.ameba.ch\/wp-content\/uploads\/2021\/04\/Silikon-Microchip-e1651667444156.jpg","datePublished":"2017-09-24T12:44:11+00:00","dateModified":"2022-08-03T12:15:49+00:00","description":"Hier finden Sie eine \u00dcbersicht \u00fcber unser Produkte. Klebstoffe, Elektrovergussmassen, Silikonkleb- und Dichtstoffe, Abformmassen u.v.m.","breadcrumb":{"@id":"https:\/\/www.axentum.de\/index.php\/produkte\/#breadcrumb"},"inLanguage":"de","potentialAction":[{"@type":"ReadAction","target":["https:\/\/www.axentum.de\/index.php\/produkte\/"]}]},{"@type":"ImageObject","inLanguage":"de","@id":"https:\/\/www.axentum.de\/index.php\/produkte\/#primaryimage","url":"https:\/\/www3.ameba.ch\/wp-content\/uploads\/2021\/04\/Silikon-Microchip-e1651667444156.jpg","contentUrl":"https:\/\/www3.ameba.ch\/wp-content\/uploads\/2021\/04\/Silikon-Microchip-e1651667444156.jpg"},{"@type":"BreadcrumbList","@id":"https:\/\/www.axentum.de\/index.php\/produkte\/#breadcrumb","itemListElement":[{"@type":"ListItem","position":1,"name":"Home","item":"https:\/\/www.axentum.de\/"},{"@type":"ListItem","position":2,"name":"Produkte"}]},{"@type":"WebSite","@id":"https:\/\/www.axentum.de\/#website","url":"https:\/\/www.axentum.de\/","name":"Axentum GmbH","description":"","publisher":{"@id":"https:\/\/www.axentum.de\/#organization"},"potentialAction":[{"@type":"SearchAction","target":{"@type":"EntryPoint","urlTemplate":"https:\/\/www.axentum.de\/?s={search_term_string}"},"query-input":{"@type":"PropertyValueSpecification","valueRequired":true,"valueName":"search_term_string"}}],"inLanguage":"de"},{"@type":"Organization","@id":"https:\/\/www.axentum.de\/#organization","name":"Axentum GmbH","url":"https:\/\/www.axentum.de\/","logo":{"@type":"ImageObject","inLanguage":"de","@id":"https:\/\/www.axentum.de\/#\/schema\/logo\/image\/","url":"https:\/\/www.axentum.de\/wp-content\/uploads\/2017\/09\/axentum-2.png","contentUrl":"https:\/\/www.axentum.de\/wp-content\/uploads\/2017\/09\/axentum-2.png","width":1216,"height":457,"caption":"Axentum GmbH"},"image":{"@id":"https:\/\/www.axentum.de\/#\/schema\/logo\/image\/"}}]}},"_links":{"self":[{"href":"https:\/\/www.axentum.de\/index.php\/wp-json\/wp\/v2\/pages\/22","targetHints":{"allow":["GET"]}}],"collection":[{"href":"https:\/\/www.axentum.de\/index.php\/wp-json\/wp\/v2\/pages"}],"about":[{"href":"https:\/\/www.axentum.de\/index.php\/wp-json\/wp\/v2\/types\/page"}],"author":[{"embeddable":true,"href":"https:\/\/www.axentum.de\/index.php\/wp-json\/wp\/v2\/users\/1"}],"replies":[{"embeddable":true,"href":"https:\/\/www.axentum.de\/index.php\/wp-json\/wp\/v2\/comments?post=22"}],"version-history":[{"count":20,"href":"https:\/\/www.axentum.de\/index.php\/wp-json\/wp\/v2\/pages\/22\/revisions"}],"predecessor-version":[{"id":1569,"href":"https:\/\/www.axentum.de\/index.php\/wp-json\/wp\/v2\/pages\/22\/revisions\/1569"}],"wp:attachment":[{"href":"https:\/\/www.axentum.de\/index.php\/wp-json\/wp\/v2\/media?parent=22"}],"curies":[{"name":"wp","href":"https:\/\/api.w.org\/{rel}","templated":true}]}}