{"id":1178,"date":"2021-11-11T08:17:33","date_gmt":"2021-11-11T08:17:33","guid":{"rendered":"https:\/\/www3.ameba.ch\/?page_id=1178"},"modified":"2023-03-10T17:53:12","modified_gmt":"2023-03-10T17:53:12","slug":"agb","status":"publish","type":"page","link":"https:\/\/www.axentum.de\/index.php\/agb\/","title":{"rendered":"AGB"},"content":{"rendered":"<section class=\"kc-elm kc-css-640036 kc_row\"><div class=\"kc-row-container  kc-container\"><div class=\"kc-wrap-columns\"><div class=\"kc-elm kc-css-231759 kc_col-sm-12 kc_column kc_col-sm-12\"><div class=\"kc-col-container\">\n<div class=\"kc-elm kc-css-586131 kc-title-wrap \">\n\n\t<h1 class=\"kc_title\">AGB<\/h1>\n<\/div>\n<div class=\"kc-elm kc-css-468689 kc_text_block\"><\/p>\n<h5>Ausschliessliche Geltung<\/h5>\n<p>S\u00e4mtliche Verk\u00e4ufe und Lieferungen erfolgen ausschlie<span style=\"font-style: inherit;\">\u03b2<\/span><span style=\"font-style: inherit;\">lich aufgrund der nachstehenden Allgemeinen Gesch\u00e4ftsbedingungen (AGB). Entgegenstehende oder von diesen AGB abweichende Bedingungen anerkennt die Axentum GmbH nicht, unabh\u00e4ngig davon, ob sie ausdr\u00fccklich zur\u00fcckgewiesen wurden oder nicht, es sei denn, dass hier\u00fcber eine schriftliche Vereinbarung vorliegt. Vom Kunden zugesandte AGB in Bestellungen oder Best\u00e4tigungen gelten ausdr\u00fccklich nicht als durch die Axentum GmbH genehmigt. Sofern sich eine Bestimmung des Vertrags oder der vorliegenden AGB als nichtig oder rechtsunwirksam erweist, werden die verbleibenden Bestimmungen des Vertrags und der AGB nicht ber\u00fchrt. Die Parteien werden die nichtige oder rechtsunwirksame Bestimmung durch eine rechtswirksame Bestimmung ersetzen, die in ihrer wirtschaftlichen Auswirkung derjenigen der nichtigen oder rechtsunwirksamen Bestimmung so nahe kommt wie rechtlich m\u00f6glich.<\/span><\/p>\n<\/p>\n<h5>Allgemeines<\/h5>\n<p>Mit der Bestellung der Ware gelten unsere Bedingungen als anerkannt. Bestellungen sind f\u00fcr die Axentum GmbH erst verbindlich, wenn die Bestellung von Seiten der Axentum GmbH best\u00e4tigt wird. Ein Vertrag kommt durch die Annahme einer Offerte, durch eine Auftragsbest\u00e4tigung oder sp\u00e4testens durch unseren Versand und die Rechnungsstellung zustande. Abweichende Bedingungen bed\u00fcrfen einer schriftlichen Vereinbarung. Irrt\u00fcmer und Druckfehler bei Preisen und technischen Angaben sowie \u00c4nderungen der Ware bleiben vorbehalten.<\/p>\n<\/p>\n<h5>Preise<\/h5>\n<p>Sofern nicht schriftlich anders vereinbart, verstehen sich die Preise in Euro, Ex Works Rheinfelden (Baden) (gem\u00e4ss Incoterms 2010) exklusive Umsatzsteuer, Verpackung, Fracht, Porto, Versicherung. Die Preise basieren auf den anzuwendenden Faktoren\/Tarifen, g\u00fcltig zum Zeitpunkt des Vertragsabschlusses (Wechselkurs f\u00fcr Fremdw\u00e4hrungen, Rohmaterialpreise, Geh\u00e4lter, Fracht, Z\u00f6lle und andere Tarife). Preisangaben in Offerten sind maximal 2 Monate ab Offertstellung g\u00fcltig. Die Axentum GmbH beh\u00e4lt sich das Recht vor, die Preise entsprechend anzupassen, wenn nach Abschluss des Vertrags bis zur Lieferung Kosten\u00e4nderungen eintreten, welche die Axentum GmbH nicht zu verantworten hat und nicht voraussehbar waren, insbesondere aber nicht ausschlie<span style=\"font-style: inherit;\">\u03b2<\/span><span style=\"font-style: inherit;\">lich aufgrund \u00c4nderungen der Rohstoffpreise, Wechselkursschwankungen, offizieller Ma<\/span><span style=\"font-style: inherit;\">\u03b2<\/span><span style=\"font-style: inherit;\">nahmen oder Preis\u00e4nderungen der Zulieferer.<\/span><\/p>\n<h5>Gewichte, technische und chemische Angaben<\/h5>\n<p>Alle vereinbarten Quantit\u00e4ten und Gewichte verstehen sich unter Ber\u00fccksichtigung einer Toleranz von +\/- 10%. Sofern nicht ausdr\u00fccklich ein offizielles W\u00e4gen der Ware verlangt wird, gilt das von der Axentum GmbH&nbsp;bestimmte Gewicht als Basis f\u00fcr die Preiskalkulation. Technische und chemische Angaben dienen ausschlie<span style=\"font-style: inherit;\">lich der Produktbeschreibung und erfolgen ohne Gew\u00e4hr. Insbesondere stellen solche Angaben keine Zusicherung von Eigenschaften dar. Etwaige anwendungstechnische Beratung durch die Axentum GmbH&nbsp;erfolgt auf freiwilliger Basis und unter Ausschluss jeglicher vertraglicher Verpflichtung. Die Axentum GmbH \u00fcbernimmt keinerlei Haftung f\u00fcr die Richtigkeit und Folgen solcher Beratungen. Der Kunde ist f\u00fcr die Einhaltung und Befolgung allf\u00e4lliger, auf die Lieferung bzw. die Ware anwendbaren gesetzlichen Vorschriften und beh\u00f6rdlichen Anordnungen besorgt und verantwortlich.<\/span><\/p>\n<\/p>\n<h5>Lieferung<\/h5>\n<p>Alle Lieferungen erfolgen auf Rechnung und Gefahr des Kunden. Sofern nicht schriftlich anders vereinbart, erfolgt die Lieferung Ex Works Rheinfelden (Baden), gem\u00e4ss Incoterms 2010. Die Wahl des Bef\u00f6rderungsweges erfolgt mangels besonderer Weisung des Kunden durch die Axentum GmbH&nbsp;nach pflichtgem\u00e4<span style=\"font-style: inherit;\">\u03b2<\/span><span style=\"font-style: inherit;\">em Ermessen. Das Transportrisiko geht stets zu Lasten des Kunden. Die Gefahr geht auf den Kunden \u00fcber, sobald dieser die Ware im Lager \u00fcbernimmt oder die Axentum GmbH&nbsp;die Ware dem Spediteur \u00fcbergibt. Nutzen und Gefahr gehen auch bei Transporten durch die Axentum GmbH&nbsp;oder deren Hilfspersonen mit Absendung der Lieferungen auf den Kunden \u00fcber. Sollte die Lieferung \u2013 aus Gr\u00fcnden, welche die Axentum GmbH&nbsp;nicht zu vertreten hat \u2013 verz\u00f6gert oder verhindert werden, wird die Ware auf Kosten und Risiko des Kunden gelagert.<\/span><\/p>\n<\/p>\n<h5>Lieferzeit<\/h5>\n<p>Die Festsetzung der Liefertermine erfolgt nach sorgf\u00e4ltigem Ermessen. Die best\u00e4tigten Liefertermine werden nach M\u00f6glichkeit eingehalten. Die Axentum GmbH&nbsp;beh\u00e4lt sich die Anpassungen von Lieferterminen ausdr\u00fccklich vor. Sollte ein Artikel nicht oder nicht in ausreichender Menge verf\u00fcgbar sein, erh\u00e4lt der Kunde eine Auftragsbest\u00e4tigung mit dem voraussichtlichen Liefertermin. Teillieferungen sind zul\u00e4ssig. Versp\u00e4tete Lieferungen berechtigen den Kunden weder zum R\u00fccktritt von seiner Bestellung noch zu irgendwelchen Anspr\u00fcchen, namentlich auf Schadenersatz. Bei h\u00f6herer Gewalt und Hindernissen au<span style=\"font-style: inherit;\">\u03b2<\/span><span style=\"font-style: inherit;\">erhalb des Einflussbereichs der Axentum GmbH, wie z.B. Naturkatastrophen, Unf\u00e4llen, Krankheiten, Streiks, Elementarsch\u00e4den, versp\u00e4tete Zulieferung von Rohmaterial, Transportunterbr\u00fcchen oder beh\u00f6rdlichen Ma<\/span><span style=\"font-style: inherit;\">\u03b2<\/span><span style=\"font-style: inherit;\">nahmen, wird die Lieferfrist in jedem Fall verl\u00e4ngert. Entsch\u00e4digungsanspr\u00fcche des Kunden sind in diesen und allen anderen F\u00e4llen versp\u00e4teter Lieferung, auch nach Ablauf einer allf\u00e4lligen gesetzten Nachfrist, ausgeschlossen.<\/span><\/p>\n<\/p>\n<h5>Abnahmeverpflichtungen<\/h5>\n<p>Der Kunden ist zur Abnahme der vertragsgem\u00e4<span style=\"font-style: inherit;\">\u03b2<\/span><span style=\"font-style: inherit;\">&nbsp;erfolgten Lieferung sowie auch einer Teillieferung verpflichtet. Der Axentum GmbH&nbsp;steht es frei, die Bestellung nachzuliefern oder zu stornieren. Den Anspruch auf Kaufpreiszahlung beh\u00e4lt sie in jedem Fall bei. Bei Abnahmeverzug geht die Gefahrtragung auf den Kunden \u00fcber und es werden die Kosten f\u00fcr Lagerung und Nachlieferung in Rechnung gestellt. Rahmenvertr\u00e4ge, Abrufauftr\u00e4ge, Mengenkontrakte etc. m\u00fcssen innerhalb des vereinbarten Zeitraumes vollumf\u00e4nglich bezogen werden.<\/span><\/p>\n<\/p>\n<h5>Gew\u00e4hrleistung und M\u00e4ngelr\u00fcge<\/h5>\n<p>Der Lieferant gew\u00e4hrleistet dem Kunden, dass die gelieferte Ware in \u00dcbereinstimmung mit der Produktbeschreibung geliefert wird. Zugesicherte Eigenschaften sind nur jene, die in der Auftragsbest\u00e4tigung oder in den Spezifikationen ausdr\u00fccklich als solche bezeichnet worden sind. Die Gew\u00e4hrleistungsfrist betr\u00e4gt 3 Monate seit Erhalt der Lieferung, unter der&nbsp;<span style=\"font-style: inherit;\">Bedingung, dass die Ware gem\u00e4<\/span><span style=\"font-style: inherit;\">\u03b2<\/span><span style=\"font-style: inherit;\">&nbsp;\u00fcblichen Standards und Konditionen gelagert und eingesetzt wurde. Nach Ablauf dieser Gew\u00e4hrleistungsfrist, soweit durch schriftliche Abrede zwischen den Parteien nicht etwas anderes vereinbart worden ist, sind alle Anspr\u00fcche des Kunden erloschen, auch wenn der Kunde einen Mangel erst sp\u00e4ter entdeckt. Bei berechtigten Beanstandungen ist es der Axentum GmbH&nbsp;freigestellt, die Ware zur\u00fcckzunehmen oder zu ersetzen, dem Kunden eine Preisreduktion zu gew\u00e4hren oder eine Gutschrift zu leisten, sofern der Mangel nicht vom Kunden zu vertreten ist. Wandelung und Minderung sind ausgeschlossen. Jede anderen nicht ausdr\u00fccklich genannten Anspr\u00fcche sind ausgeschlossen. In jedem Fall kann der Kunde die Ware nur mit Zustimmung des Lieferanten zur\u00fcckgeben. Der Kunde hat Lieferungen sofort nach Erhalt zu pr\u00fcfen und der Axentum GmbH&nbsp;allf\u00e4llige M\u00e4ngel unverz\u00fcglich schriftlich und detailliert bekannt zu geben. Bei unverschuldeter Verhinderung der unverz\u00fcglichen M\u00e4ngelr\u00fcge hat diese sp\u00e4testens innert 7 Tagen nach Erhalt der Ware zu erfolgen. Unterl\u00e4sst er dies, gelten die Lieferungen nach 7 Tagen als genehmigt und vertragsgem\u00e4<\/span><span style=\"font-style: inherit;\">\u03b2<\/span><span style=\"font-style: inherit;\">&nbsp;erf\u00fcllt. Wird beanstandete oder unbeanstandete Ware vom Kunden umgef\u00fcllt, weiterverarbeitet oder weiterver\u00e4u<\/span><span style=\"font-style: inherit;\">\u03b2<\/span><span style=\"font-style: inherit;\">ert, so gilt sie als angenommen.<\/span><\/p>\n<\/p>\n<h5>Materialr\u00fccksendungen<\/h5>\n<p>Materialr\u00fccksendungen aufgrund von Fehlbestellungen des Kunden bed\u00fcrfen der Einwilligung der Axentum GmbH und k\u00f6nnen nur erfolgen, sofern das Material sich in einwandfreiem Zustand befindet und von der Axentum GmbH&nbsp;normalerweise auf Lager gehalten wird. Kundenspezifische und individuell f\u00fcr den Kunden angefertigte Produkte werden nicht zur\u00fcckgenommen. Porto, Verpackung und Transportrisiko gehen in jedem Fall zulasten des Kunden. Eine Lieferschein- oder Rechnungskopie muss beiliegen.<\/p>\n<\/p>\n<h5>Zahlung<\/h5>\n<p>Rechnungen sind innerhalb von 30 Tagen rein netto zahlbar, ohne jeden Abzug. Nach Ablauf dieser Frist kommt der Kunde auch ohne Mahnung in Verzug. Die Axentum GmbH&nbsp;ist berechtigt, eine Mahngeb\u00fchr von 10 EUR sowie einen Verzugszins von 5 % p.a. zu fordern. Sie kann am Vertrag festhalten oder den Vertrag aufl\u00f6sen und in beiden F\u00e4llen Schadenersatz zu verlangen. Erh\u00e4lt die Axentum GmbH&nbsp;nach Vertragsabschluss Kenntnis von Zahlungs- oder Liquidit\u00e4tsproblemen des Kunden, so ist sie berechtigt, Sicherstellung des Kaufpreises zu verlangen (Vorauszahlung \/ Zahlungsgarantie \/ Depotleistung o.\u00e4.). Die Verrechnung mit Gegenforderungen des Kunden ist ausgeschlossen. Vom Kunden geltend gemachte Anspr\u00fcche aus Gew\u00e4hrleistungen oder behaupteten M\u00e4ngeln befreien ihn nicht von der Zahlungspflicht.<\/p>\n<\/p>\n<h5>Haftung<\/h5>\n<p>Ungeachtet anderslautender Bestimmungen im Vertrag oder in den AGB des Kunden und soweit gesetzlich erlaubt, haftet der Lieferant f\u00fcr Sch\u00e4den, welche im Zusammenhang mit dem Vertrag verursacht wurden, nur bei Nachweis seiner groben Fahrl\u00e4ssi<span style=\"font-style: inherit;\">gkeit oder rechtswidrigen Absicht. Die Gesamthaftung ist beschr\u00e4nkt auf den Kaufpreis des Vertrags. Eine weitergehende Haftung f\u00fcr indirekte, fahrl\u00e4ssige oder Folgesch\u00e4den wie, jedoch nicht abschliessend, Einkommensverlust, Gewinnverlust, Gebrauchsverlust, Kapitalverlust, Produktionsverlust oder Kosten im Zusammenhang mit Betriebsunterbruch, ist ausgeschlossen. Die Haftung f\u00fcr Hilfspersonen ist in jedem Falle ausgeschlossen.<\/span><\/p>\n<\/p>\n<h5>Eigentumsvorbehalt<\/h5>\n<p>Die gelieferte Ware bleibt bis zur vollst\u00e4ndigen Bezahlung des Rechnungsbetrages Eigentum der Axentum GmbH. Der Kunde ist verpflichtet, bei Massnahmen mitzuwirken, die zum Schutz des Eigentums der Axentum GmbH&nbsp;erforderlich sind. Die Axentum GmbH&nbsp;ist berechtigt, ihr Eigentumsrecht durch R\u00fccknahme der gelieferten Ware geltend zu machen, sofern die vereinbarten Zahlungskonditionen nicht eingehalten werden. Damit verbundene Umtriebe und Transportkosten gehen zu Lasten des Kunden.<\/p>\n<\/p>\n<h5>Gerichtstand<\/h5>\n<p>Erf\u00fcllungsort und Gerichtsstand f\u00fcr beide Parteien ist der Sitz der Axentum GmbH in Rheinfelden (Baden). Es gilt ausschlie<span style=\"font-style: inherit;\">\u03b2<\/span><span style=\"font-style: inherit;\">lich Deutsches Recht.<\/span><\/p>\n<p class=\"MsoNormal\"><o:p><\/o:p><\/p>\n<p>\n<\/div><\/div><\/div><\/div><\/div><\/section>\n","protected":false},"excerpt":{"rendered":"","protected":false},"author":1,"featured_media":0,"parent":0,"menu_order":0,"comment_status":"closed","ping_status":"closed","template":"","meta":{"footnotes":""},"class_list":["post-1178","page","type-page","status-publish","hentry"],"yoast_head":"<!-- This site is optimized with the Yoast SEO plugin v27.2 - https:\/\/yoast.com\/product\/yoast-seo-wordpress\/ -->\n<title>AGB - Axentum GmbH<\/title>\n<meta name=\"robots\" content=\"index, follow, max-snippet:-1, max-image-preview:large, max-video-preview:-1\" \/>\n<link rel=\"canonical\" href=\"https:\/\/www.axentum.de\/index.php\/agb\/\" \/>\n<meta property=\"og:locale\" content=\"de_DE\" \/>\n<meta property=\"og:type\" content=\"article\" \/>\n<meta property=\"og:title\" content=\"AGB - Axentum GmbH\" \/>\n<meta property=\"og:description\" content=\"AGB Ausschliessliche Geltung S\u00e4mtliche Verk\u00e4ufe und Lieferungen erfolgen ausschlie\u03b2lich aufgrund der nachstehenden Allgemeinen Gesch\u00e4ftsbedingungen (AGB). Entgegenstehende oder von diesen AGB abweichende Bedingungen anerkennt die Axentum GmbH nicht, unabh\u00e4ngig davon, ob sie ausdr\u00fccklich zur\u00fcckgewiesen wurden oder nicht, es sei denn, dass hier\u00fcber eine schriftliche Vereinbarung vorliegt. Vom Kunden zugesandte AGB in Bestellungen oder Best\u00e4tigungen gelten ausdr\u00fccklich [&hellip;]\" \/>\n<meta property=\"og:url\" content=\"https:\/\/www.axentum.de\/index.php\/agb\/\" \/>\n<meta property=\"og:site_name\" content=\"Axentum GmbH\" \/>\n<meta property=\"article:modified_time\" content=\"2023-03-10T17:53:12+00:00\" \/>\n<meta name=\"twitter:card\" content=\"summary_large_image\" \/>\n<meta name=\"twitter:label1\" content=\"Gesch\u00e4tzte Lesezeit\" \/>\n\t<meta name=\"twitter:data1\" content=\"7\u00a0Minuten\" \/>\n<script type=\"application\/ld+json\" class=\"yoast-schema-graph\">{\"@context\":\"https:\/\/schema.org\",\"@graph\":[{\"@type\":\"WebPage\",\"@id\":\"https:\/\/www.axentum.de\/index.php\/agb\/\",\"url\":\"https:\/\/www.axentum.de\/index.php\/agb\/\",\"name\":\"AGB - Axentum GmbH\",\"isPartOf\":{\"@id\":\"https:\/\/www.axentum.de\/#website\"},\"datePublished\":\"2021-11-11T08:17:33+00:00\",\"dateModified\":\"2023-03-10T17:53:12+00:00\",\"breadcrumb\":{\"@id\":\"https:\/\/www.axentum.de\/index.php\/agb\/#breadcrumb\"},\"inLanguage\":\"de\",\"potentialAction\":[{\"@type\":\"ReadAction\",\"target\":[\"https:\/\/www.axentum.de\/index.php\/agb\/\"]}]},{\"@type\":\"BreadcrumbList\",\"@id\":\"https:\/\/www.axentum.de\/index.php\/agb\/#breadcrumb\",\"itemListElement\":[{\"@type\":\"ListItem\",\"position\":1,\"name\":\"Home\",\"item\":\"https:\/\/www.axentum.de\/\"},{\"@type\":\"ListItem\",\"position\":2,\"name\":\"AGB\"}]},{\"@type\":\"WebSite\",\"@id\":\"https:\/\/www.axentum.de\/#website\",\"url\":\"https:\/\/www.axentum.de\/\",\"name\":\"Axentum GmbH\",\"description\":\"\",\"publisher\":{\"@id\":\"https:\/\/www.axentum.de\/#organization\"},\"potentialAction\":[{\"@type\":\"SearchAction\",\"target\":{\"@type\":\"EntryPoint\",\"urlTemplate\":\"https:\/\/www.axentum.de\/?s={search_term_string}\"},\"query-input\":{\"@type\":\"PropertyValueSpecification\",\"valueRequired\":true,\"valueName\":\"search_term_string\"}}],\"inLanguage\":\"de\"},{\"@type\":\"Organization\",\"@id\":\"https:\/\/www.axentum.de\/#organization\",\"name\":\"Axentum GmbH\",\"url\":\"https:\/\/www.axentum.de\/\",\"logo\":{\"@type\":\"ImageObject\",\"inLanguage\":\"de\",\"@id\":\"https:\/\/www.axentum.de\/#\/schema\/logo\/image\/\",\"url\":\"https:\/\/www.axentum.de\/wp-content\/uploads\/2017\/09\/axentum-2.png\",\"contentUrl\":\"https:\/\/www.axentum.de\/wp-content\/uploads\/2017\/09\/axentum-2.png\",\"width\":1216,\"height\":457,\"caption\":\"Axentum GmbH\"},\"image\":{\"@id\":\"https:\/\/www.axentum.de\/#\/schema\/logo\/image\/\"}}]}<\/script>\n<!-- \/ Yoast SEO plugin. -->","yoast_head_json":{"title":"AGB - Axentum GmbH","robots":{"index":"index","follow":"follow","max-snippet":"max-snippet:-1","max-image-preview":"max-image-preview:large","max-video-preview":"max-video-preview:-1"},"canonical":"https:\/\/www.axentum.de\/index.php\/agb\/","og_locale":"de_DE","og_type":"article","og_title":"AGB - Axentum GmbH","og_description":"AGB Ausschliessliche Geltung S\u00e4mtliche Verk\u00e4ufe und Lieferungen erfolgen ausschlie\u03b2lich aufgrund der nachstehenden Allgemeinen Gesch\u00e4ftsbedingungen (AGB). Entgegenstehende oder von diesen AGB abweichende Bedingungen anerkennt die Axentum GmbH nicht, unabh\u00e4ngig davon, ob sie ausdr\u00fccklich zur\u00fcckgewiesen wurden oder nicht, es sei denn, dass hier\u00fcber eine schriftliche Vereinbarung vorliegt. Vom Kunden zugesandte AGB in Bestellungen oder Best\u00e4tigungen gelten ausdr\u00fccklich [&hellip;]","og_url":"https:\/\/www.axentum.de\/index.php\/agb\/","og_site_name":"Axentum GmbH","article_modified_time":"2023-03-10T17:53:12+00:00","twitter_card":"summary_large_image","twitter_misc":{"Gesch\u00e4tzte Lesezeit":"7\u00a0Minuten"},"schema":{"@context":"https:\/\/schema.org","@graph":[{"@type":"WebPage","@id":"https:\/\/www.axentum.de\/index.php\/agb\/","url":"https:\/\/www.axentum.de\/index.php\/agb\/","name":"AGB - Axentum GmbH","isPartOf":{"@id":"https:\/\/www.axentum.de\/#website"},"datePublished":"2021-11-11T08:17:33+00:00","dateModified":"2023-03-10T17:53:12+00:00","breadcrumb":{"@id":"https:\/\/www.axentum.de\/index.php\/agb\/#breadcrumb"},"inLanguage":"de","potentialAction":[{"@type":"ReadAction","target":["https:\/\/www.axentum.de\/index.php\/agb\/"]}]},{"@type":"BreadcrumbList","@id":"https:\/\/www.axentum.de\/index.php\/agb\/#breadcrumb","itemListElement":[{"@type":"ListItem","position":1,"name":"Home","item":"https:\/\/www.axentum.de\/"},{"@type":"ListItem","position":2,"name":"AGB"}]},{"@type":"WebSite","@id":"https:\/\/www.axentum.de\/#website","url":"https:\/\/www.axentum.de\/","name":"Axentum GmbH","description":"","publisher":{"@id":"https:\/\/www.axentum.de\/#organization"},"potentialAction":[{"@type":"SearchAction","target":{"@type":"EntryPoint","urlTemplate":"https:\/\/www.axentum.de\/?s={search_term_string}"},"query-input":{"@type":"PropertyValueSpecification","valueRequired":true,"valueName":"search_term_string"}}],"inLanguage":"de"},{"@type":"Organization","@id":"https:\/\/www.axentum.de\/#organization","name":"Axentum GmbH","url":"https:\/\/www.axentum.de\/","logo":{"@type":"ImageObject","inLanguage":"de","@id":"https:\/\/www.axentum.de\/#\/schema\/logo\/image\/","url":"https:\/\/www.axentum.de\/wp-content\/uploads\/2017\/09\/axentum-2.png","contentUrl":"https:\/\/www.axentum.de\/wp-content\/uploads\/2017\/09\/axentum-2.png","width":1216,"height":457,"caption":"Axentum GmbH"},"image":{"@id":"https:\/\/www.axentum.de\/#\/schema\/logo\/image\/"}}]}},"_links":{"self":[{"href":"https:\/\/www.axentum.de\/index.php\/wp-json\/wp\/v2\/pages\/1178","targetHints":{"allow":["GET"]}}],"collection":[{"href":"https:\/\/www.axentum.de\/index.php\/wp-json\/wp\/v2\/pages"}],"about":[{"href":"https:\/\/www.axentum.de\/index.php\/wp-json\/wp\/v2\/types\/page"}],"author":[{"embeddable":true,"href":"https:\/\/www.axentum.de\/index.php\/wp-json\/wp\/v2\/users\/1"}],"replies":[{"embeddable":true,"href":"https:\/\/www.axentum.de\/index.php\/wp-json\/wp\/v2\/comments?post=1178"}],"version-history":[{"count":8,"href":"https:\/\/www.axentum.de\/index.php\/wp-json\/wp\/v2\/pages\/1178\/revisions"}],"predecessor-version":[{"id":1998,"href":"https:\/\/www.axentum.de\/index.php\/wp-json\/wp\/v2\/pages\/1178\/revisions\/1998"}],"wp:attachment":[{"href":"https:\/\/www.axentum.de\/index.php\/wp-json\/wp\/v2\/media?parent=1178"}],"curies":[{"name":"wp","href":"https:\/\/api.w.org\/{rel}","templated":true}]}}